{"id":2195,"date":"2015-12-08T11:13:56","date_gmt":"2015-12-08T10:13:56","guid":{"rendered":"https:\/\/prolitteris.ch\/?page_id=2195"},"modified":"2025-07-21T17:12:15","modified_gmt":"2025-07-21T15:12:15","slug":"organisation","status":"publish","type":"page","link":"https:\/\/prolitteris.ch\/fr\/a-propos-de-prolitteris\/organisation\/","title":{"rendered":"Organisation"},"content":{"rendered":"<p>Sont responsables du fonctionnement op\u00e9ratif de ProLitteris :<\/p>\n<ul>\n<li>Support &#8211; service client centralis\u00e9 : responsable Antonietta Del Re<\/li>\n<li>Collect &#8211; encaissement sur la base des Tarifs communs : responsable Isabelle Hess<\/li>\n<li>Works &#8211; r\u00e9partition principale (r\u00e9partition Print, r\u00e9partition Online, r\u00e9partition Broadcast) : responsable Antonietta Del Re<\/li>\n<li>Audio &#8211; \u00e9missions avec textes : responsable Antonietta Del Re<\/li>\n<li>Social &#8211; Fondation sociale : responsable Christophe Biber, administration Fabienne Hubler<\/li>\n<li>Culture &#8211; Fonds culturel : responsable Christophe Biber<\/li>\n<li>Art &#8211; autorisation, encaissement et r\u00e9partition pour la reproduction d&#8217;\u0153uvres d&#8217;art : responsable Philip K\u00fcbler<\/li>\n<\/ul>\n<p>Ces d\u00e9partements sont soutenus par le Team Legal (responsable : Philip K\u00fcbler), le Team Finance (responsable : Christophe Biber) et le Team IT (responsable : David Rupper).<\/p>\n<p>Le Conseil d&#8217;administration de ProLitteris supervise la gestion, d\u00e9cide de la strat\u00e9gie et repr\u00e9sente les soci\u00e9taires de ProLitteris. Le Conseil d&#8217;administration est compos\u00e9 comme suit :<\/p>\n<ul>\n<li>Stefan Keller, Pr\u00e9sident : journalisme et science<\/li>\n<li>Alexandra Maurer, vice-pr\u00e9sidente : arts visuels et photographie<\/li>\n<li>Thomas Kramer, vice-pr\u00e9sident : \u00e9dition de livres et d&#8217;art<\/li>\n<li>Claude Darbellay : litt\u00e9rature<\/li>\n<li>Regine Helbling : arts visuels et photographie<\/li>\n<li>Daniel Hammer : \u00e9dition de journaux et de magazines<\/li>\n<li>P\u00e9n\u00e9lope Henriod : arts visuels et photographie<\/li>\n<li>Peter Haag : \u00e9dition de litt\u00e9rature<\/li>\n<li>Cornelia Mechler : \u00e9crivains<\/li>\n<li>Fabio Casagrande : \u00e9dition de livres et d&#8217;art<\/li>\n<li>Lisa Christ\u00a0: auteurs d&#8217;\u0153uvres dramatiques<\/li>\n<li>Livia Lehner : journalisme<\/li>\n<\/ul>\n<p>Philip K\u00fcbler est responsable de la gestion de l&#8217;entreprise (directeur\/directeur g\u00e9n\u00e9ral). Les autres membres de la direction sont Christophe Biber (CFO) et David Rupper (IT). La direction est responsable des activit\u00e9s op\u00e9rationnelles de ProLitteris, d\u00e9veloppe la strat\u00e9gie avec le Conseil d&#8217;administration et pr\u00e9pare les r\u00e8gles de fonctionnement de ProLitteris.<\/p>\n","protected":false},"excerpt":{"rendered":"<p>Sont responsables du fonctionnement op\u00e9ratif de ProLitteris : Support &#8211; service client centralis\u00e9 : responsable Antonietta Del Re Collect &#8211; encaissement sur la base des Tarifs communs : responsable Isabelle Hess Works &#8211; r\u00e9partition principale (r\u00e9partition Print, r\u00e9partition Online, r\u00e9partition Broadcast) : responsable Antonietta Del Re Audio &#8211; \u00e9missions avec textes : responsable Antonietta Del<\/p>\n","protected":false},"author":3,"featured_media":0,"parent":6416,"menu_order":0,"comment_status":"closed","ping_status":"open","template":"pages\/template-management.php","meta":{"_acf_changed":false,"_relevanssi_hide_post":"","_relevanssi_hide_content":"","_relevanssi_pin_for_all":"","_relevanssi_pin_keywords":"","_relevanssi_unpin_keywords":"","_relevanssi_related_keywords":"","_relevanssi_related_include_ids":"","_relevanssi_related_exclude_ids":"","_relevanssi_related_no_append":"","_relevanssi_related_not_related":"","_relevanssi_related_posts":"20175,20961,20537,25786,21667,19342","_relevanssi_noindex_reason":"","footnotes":""},"class_list":["post-2195","page","type-page","status-publish","hentry"],"acf":[],"_links":{"self":[{"href":"https:\/\/prolitteris.ch\/fr\/wp-json\/wp\/v2\/pages\/2195","targetHints":{"allow":["GET"]}}],"collection":[{"href":"https:\/\/prolitteris.ch\/fr\/wp-json\/wp\/v2\/pages"}],"about":[{"href":"https:\/\/prolitteris.ch\/fr\/wp-json\/wp\/v2\/types\/page"}],"author":[{"embeddable":true,"href":"https:\/\/prolitteris.ch\/fr\/wp-json\/wp\/v2\/users\/3"}],"replies":[{"embeddable":true,"href":"https:\/\/prolitteris.ch\/fr\/wp-json\/wp\/v2\/comments?post=2195"}],"version-history":[{"count":0,"href":"https:\/\/prolitteris.ch\/fr\/wp-json\/wp\/v2\/pages\/2195\/revisions"}],"up":[{"embeddable":true,"href":"https:\/\/prolitteris.ch\/fr\/wp-json\/wp\/v2\/pages\/6416"}],"wp:attachment":[{"href":"https:\/\/prolitteris.ch\/fr\/wp-json\/wp\/v2\/media?parent=2195"}],"curies":[{"name":"wp","href":"https:\/\/api.w.org\/{rel}","templated":true}]}}