{"id":2511,"date":"2016-01-15T08:41:31","date_gmt":"2016-01-15T07:41:31","guid":{"rendered":"https:\/\/prolitteris.ch\/fr\/?page_id=2511"},"modified":"2024-02-23T10:29:39","modified_gmt":"2024-02-23T09:29:39","slug":"inscription-a-prolitteris","status":"publish","type":"page","link":"https:\/\/prolitteris.ch\/fr\/auteurs-editeurs\/inscription-a-prolitteris\/","title":{"rendered":"Inscription \u00e0 ProLitteris"},"content":{"rendered":"<p>Vous \u00eates auteur(e) de textes et\/ou d&#8217;images ou \u00e9diteur dans le domaine du texte et de l&#8217;image ?<\/p>\n<p>Vous pouvez conclure un contrat de gestion avec ProLitteris afin que nous puissions g\u00e9rer vos droits. Vous aurez ainsi le droit de participer \u00e0 nos r\u00e9partitions. Demandez \u00e0 devenir soci\u00e9taire pour avoir le droit de vote \u00e0 l\u2019Assembl\u00e9e g\u00e9n\u00e9rale et pour b\u00e9n\u00e9ficier d\u2019une aide sociale. C\u2019est gratuit.<\/p>\n<p>Avant de faire une demande d&#8217;admission aupr\u00e8s de ProLitteris, nous vous prions de bien vouloir lire le document Info ayants droit.<\/p>\n","protected":false},"excerpt":{"rendered":"<p>Vous \u00eates auteur(e) de textes et\/ou d&#8217;images ou \u00e9diteur dans le domaine du texte et de l&#8217;image ? Vous pouvez conclure un contrat de gestion avec ProLitteris afin que nous puissions g\u00e9rer vos droits. Vous aurez ainsi le droit de participer \u00e0 nos r\u00e9partitions. Demandez \u00e0 devenir soci\u00e9taire pour avoir le droit de vote \u00e0<\/p>\n","protected":false},"author":3,"featured_media":0,"parent":328,"menu_order":0,"comment_status":"closed","ping_status":"closed","template":"","meta":{"_acf_changed":false,"_relevanssi_hide_post":"","_relevanssi_hide_content":"","_relevanssi_pin_for_all":"","_relevanssi_pin_keywords":"","_relevanssi_unpin_keywords":"","_relevanssi_related_keywords":"","_relevanssi_related_include_ids":"","_relevanssi_related_exclude_ids":"","_relevanssi_related_no_append":"","_relevanssi_related_not_related":"","_relevanssi_related_posts":"","_relevanssi_noindex_reason":"","footnotes":""},"class_list":["post-2511","page","type-page","status-publish","hentry"],"acf":[],"_links":{"self":[{"href":"https:\/\/prolitteris.ch\/fr\/wp-json\/wp\/v2\/pages\/2511","targetHints":{"allow":["GET"]}}],"collection":[{"href":"https:\/\/prolitteris.ch\/fr\/wp-json\/wp\/v2\/pages"}],"about":[{"href":"https:\/\/prolitteris.ch\/fr\/wp-json\/wp\/v2\/types\/page"}],"author":[{"embeddable":true,"href":"https:\/\/prolitteris.ch\/fr\/wp-json\/wp\/v2\/users\/3"}],"replies":[{"embeddable":true,"href":"https:\/\/prolitteris.ch\/fr\/wp-json\/wp\/v2\/comments?post=2511"}],"version-history":[{"count":0,"href":"https:\/\/prolitteris.ch\/fr\/wp-json\/wp\/v2\/pages\/2511\/revisions"}],"up":[{"embeddable":true,"href":"https:\/\/prolitteris.ch\/fr\/wp-json\/wp\/v2\/pages\/328"}],"wp:attachment":[{"href":"https:\/\/prolitteris.ch\/fr\/wp-json\/wp\/v2\/media?parent=2511"}],"curies":[{"name":"wp","href":"https:\/\/api.w.org\/{rel}","templated":true}]}}