{"id":26401,"date":"2025-10-27T12:36:42","date_gmt":"2025-10-27T11:36:42","guid":{"rendered":"https:\/\/prolitteris.ch\/?page_id=26401"},"modified":"2026-03-02T07:15:38","modified_gmt":"2026-03-02T06:15:38","slug":"newsletter","status":"publish","type":"page","link":"https:\/\/prolitteris.ch\/fr\/newsletter\/","title":{"rendered":"Newsletter"},"content":{"rendered":"\n<p>Restez au courant des actualit\u00e9s concernant les droits d&#8217;auteur.<\/p>\n\n\n\n<p><a href=\"https:\/\/aab982d9.sibforms.com\/serve\/MUIFAC8ArMrcCL0BfMi38vNIyKk5bu-BTc3dISeL3YzQ3NsCCFrs0KpMhz9ISLoH4aOBIMJfUFUlLZaHDP7anFggXiS0TpMbOxVD1RRMnV1H2gVpyzIpJNez5hP5aK9lR6-NOh901jE9y4ZCdpOPpjNjzRk4ZsrN7LOt1J8c1SDk4CfnjbMsN0UVM2D5AYOwxVf23YzM5UY63XFK\" target=\"_blank\" rel=\"noreferrer noopener\">S&#8217;inscrire&nbsp;\u00e0 la&nbsp;newsletter<\/a><\/p>\n\n\n\n<h2 class=\"wp-block-heading\"><\/h2>\n\n\n<div class=\"vlp-link-container vlp-layout-compact wp-block-visual-link-preview-link\"><a href=\"http:\/\/r.sendinblue.prolitteris.ch\/3gbcw3kvp8lpfe.html?t=1772432083773\" class=\"vlp-link\" title=\"Letter #6 \u2022 03.2026\" rel=\"nofollow\" target=\"_blank\"><\/a><div class=\"vlp-layout-zone-side\"><div class=\"vlp-block-2 vlp-link-image\"><img decoding=\"async\" src=\"https:\/\/s3.eu-west-1.amazonaws.com\/img.mailinblue.com\/1717145-160\/social-share-campaign\/prolitteris_logo_linkedIn.jpg\" style=\"max-width: 100px; max-height: 100px\" \/><\/div><\/div><div class=\"vlp-layout-zone-main\"><div class=\"vlp-block-0 vlp-link-title\">Letter #6 \u2022 03.2026<\/div><div class=\"vlp-block-1 vlp-link-summary\">\u2022 Prestations sociales \u2022 Rente-vieillesse \u00e0 partir de 2027 \u2022 Promotion culturelle<\/div><\/div><\/div>\n\n<div class=\"vlp-link-container vlp-layout-compact wp-block-visual-link-preview-link\"><a href=\"http:\/\/r.sendinblue.prolitteris.ch\/3gartkwvp8lpfe.html?t=1770712986882\" class=\"vlp-link\" title=\"Letter #5 \u2022 02.2026\" rel=\"nofollow\" target=\"_blank\"><\/a><div class=\"vlp-layout-zone-side\"><div class=\"vlp-block-2 vlp-link-image\"><img decoding=\"async\" src=\"https:\/\/s3.eu-west-1.amazonaws.com\/img.mailinblue.com\/1717145-157\/social-share-campaign\/prolitteris_logo_linkedIn.jpg\" style=\"max-width: 100px; max-height: 100px\" \/><\/div><\/div><div class=\"vlp-layout-zone-main\"><div class=\"vlp-block-0 vlp-link-title\">Letter #5 \u2022 02.2026<\/div><div class=\"vlp-block-1 vlp-link-summary\">Comment \u00e9viter les violations du droit d\u2019auteur<\/div><\/div><\/div>\n\n<div class=\"vlp-link-container vlp-layout-compact wp-block-visual-link-preview-link\"><a href=\"http:\/\/r.sendinblue.prolitteris.ch\/3gaf6gwvp8lpfe.html?t=1768351354337\" class=\"vlp-link\" title=\"Letter #4 \u2022 01.2026\" rel=\"nofollow\" target=\"_blank\"><\/a><div class=\"vlp-layout-zone-side\"><div class=\"vlp-block-2 vlp-link-image\"><img decoding=\"async\" src=\"https:\/\/s3.eu-west-1.amazonaws.com\/img.mailinblue.com\/1717145-154\/social-share-campaign\/prolitteris_logo_linkedIn.jpg\" style=\"max-width: 100px; max-height: 100px\" \/><\/div><\/div><div class=\"vlp-layout-zone-main\"><div class=\"vlp-block-0 vlp-link-title\">Letter #4 \u2022 01.2026<\/div><div class=\"vlp-block-1 vlp-link-summary\">Tarifs : Redevances pour la copie et autres utilisations \u2022 D\u00e9lais de d\u00e9claration pour la r\u00e9partition Print et la r\u00e9partition Broadcast<\/div><\/div><\/div>\n\n\n<p><\/p>\n\n\n<div class=\"vlp-link-container vlp-layout-compact wp-block-visual-link-preview-link\"><a href=\"http:\/\/r.sendinblue.prolitteris.ch\/3ga2jcwvp8lpfe.html?t=1765467003702\" class=\"vlp-link\" title=\"Letter #3 \u2022 12.2025\" rel=\"nofollow\" target=\"_blank\"><\/a><div class=\"vlp-layout-zone-side\"><div class=\"vlp-block-2 vlp-link-image\"><img decoding=\"async\" src=\"https:\/\/s3.eu-west-1.amazonaws.com\/img.mailinblue.com\/1717145-151\/social-share-campaign\/prolitteris_logo_linkedIn.jpg\" style=\"max-width: 100px; max-height: 100px\" \/><\/div><\/div><div class=\"vlp-layout-zone-main\"><div class=\"vlp-block-0 vlp-link-title\">Letter #3 \u2022 12.2025<\/div><div class=\"vlp-block-1 vlp-link-summary\">R\u00e9vision de la loi sur le droit d\u2019auteur \u2022 Prestations culturelles au service public \u2022 Licence IA pour entreprises<\/div><\/div><\/div>\n\n\n<h2 class=\"wp-block-heading\"><\/h2>\n\n\n<div class=\"vlp-link-container vlp-layout-compact wp-block-visual-link-preview-link\"><a href=\"http:\/\/r.sendinblue.prolitteris.ch\/3g9d94wvp8lpfe.html?t=1765466935721\" class=\"vlp-link\" title=\"Letter #2 \u2022 11.2025\" rel=\"nofollow\" target=\"_blank\"><\/a><div class=\"vlp-layout-zone-side\"><div class=\"vlp-block-2 vlp-link-image\"><img decoding=\"async\" src=\"https:\/\/s3.eu-west-1.amazonaws.com\/img.mailinblue.com\/1717145-147\/social-share-campaign\/prolitteris_logo_linkedIn.jpg\" style=\"max-width: 100px; max-height: 100px\" \/><\/div><\/div><div class=\"vlp-layout-zone-main\"><div class=\"vlp-block-0 vlp-link-title\">Letter #2 \u2022 11.2025<\/div><div class=\"vlp-block-1 vlp-link-summary\">Licences collectives \u00e9tendues \u2022 Droit voisin des m\u00e9dias \u2022 ABC des droits d\u2019image<\/div><\/div><\/div>\n\n\n<p><\/p>\n\n\n<div class=\"vlp-link-container vlp-layout-compact wp-block-visual-link-preview-link\"><a href=\"http:\/\/r.sendinblue.prolitteris.ch\/3g8nywwvp8lpfe.html?t=1765466863680\" class=\"vlp-link\" title=\"Letter # 1 \u2022 10.2025\" rel=\"nofollow\" target=\"_blank\"><\/a><div class=\"vlp-layout-zone-side\"><div class=\"vlp-block-2 vlp-link-image\"><img decoding=\"async\" src=\"https:\/\/img.mailinblue.com\/1717145\/images\/content_library\/original\/68c138c943f4c049a575e5db.png\" style=\"max-width: 100px; max-height: 100px\" \/><\/div><\/div><div class=\"vlp-layout-zone-main\"><div class=\"vlp-block-0 vlp-link-title\">Letter # 1 \u2022 10.2025<\/div><div class=\"vlp-block-1 vlp-link-summary\">R\u00e9partition principale entre nos membres \u2022 Intelligence artificielle et droit d\u2019auteur \u2022 Anthropic<\/div><\/div><\/div>\n\n\n<p><\/p>\n\n\n\n<p><\/p>\n","protected":false},"excerpt":{"rendered":"<p>Restez au courant des actualit\u00e9s concernant les droits d&#8217;auteur. S&#8217;inscrire&nbsp;\u00e0 la&nbsp;newsletter<\/p>\n","protected":false},"author":4,"featured_media":0,"parent":0,"menu_order":0,"comment_status":"closed","ping_status":"closed","template":"","meta":{"_acf_changed":false,"_relevanssi_hide_post":"","_relevanssi_hide_content":"","_relevanssi_pin_for_all":"","_relevanssi_pin_keywords":"","_relevanssi_unpin_keywords":"","_relevanssi_related_keywords":"","_relevanssi_related_include_ids":"","_relevanssi_related_exclude_ids":"","_relevanssi_related_no_append":"","_relevanssi_related_not_related":"","_relevanssi_related_posts":"26371,19836,20961,25786,26348,26239","_relevanssi_noindex_reason":"","footnotes":""},"class_list":["post-26401","page","type-page","status-publish","hentry"],"acf":[],"_links":{"self":[{"href":"https:\/\/prolitteris.ch\/fr\/wp-json\/wp\/v2\/pages\/26401","targetHints":{"allow":["GET"]}}],"collection":[{"href":"https:\/\/prolitteris.ch\/fr\/wp-json\/wp\/v2\/pages"}],"about":[{"href":"https:\/\/prolitteris.ch\/fr\/wp-json\/wp\/v2\/types\/page"}],"author":[{"embeddable":true,"href":"https:\/\/prolitteris.ch\/fr\/wp-json\/wp\/v2\/users\/4"}],"replies":[{"embeddable":true,"href":"https:\/\/prolitteris.ch\/fr\/wp-json\/wp\/v2\/comments?post=26401"}],"version-history":[{"count":4,"href":"https:\/\/prolitteris.ch\/fr\/wp-json\/wp\/v2\/pages\/26401\/revisions"}],"predecessor-version":[{"id":26723,"href":"https:\/\/prolitteris.ch\/fr\/wp-json\/wp\/v2\/pages\/26401\/revisions\/26723"}],"wp:attachment":[{"href":"https:\/\/prolitteris.ch\/fr\/wp-json\/wp\/v2\/media?parent=26401"}],"curies":[{"name":"wp","href":"https:\/\/api.w.org\/{rel}","templated":true}]}}