{"id":2854,"date":"2016-04-07T15:59:15","date_gmt":"2016-04-07T14:59:15","guid":{"rendered":"https:\/\/prolitteris.ch\/fr\/?page_id=2854"},"modified":"2024-11-29T13:15:42","modified_gmt":"2024-11-29T12:15:42","slug":"login","status":"publish","type":"page","link":"https:\/\/prolitteris.ch\/fr\/login\/","title":{"rendered":"Login"},"content":{"rendered":"\n<div id=\"div-login-haupt\" class=\"table-login-haupt\">\n<div id=\"div-login-mitglieder\" class=\"table-login-mitglieder\">\n<h3>Pour les ayants droit<\/h3>\nTexte et image\n<br \/><br \/><br \/>\n<p><strong>En tant qu\u2019ayant droit, vous pouvez :<\/strong><\/p>\n<ul>\n<li>consulter vos d\u00e9comptes et vos donn\u00e9es<\/li>\n<li>participer aux r\u00e9partitions et d\u00e9clarer des \u0153uvres<\/li>\n<\/ul>\n<br \/><br \/>\n<p><a href=\"https:\/\/portal.prolitteris.ch\/\">Portail<\/a><\/p>\n<\/div>\n<div id=\"div-login-nutzer\" class=\"table-login-nutzer\">\n<h3>Pour les utilisateurs<\/h3>\n<p>Entreprises, \u00e9coles, biblioth\u00e8ques, administrations publiques, centres de photocopie, autres organisations<\/p><br \/>\n<p><strong>En tant qu\u2019utilisateur, vous pouvez :<\/strong><\/p>\n<ul>\n<li>consulter et modifier vos donn\u00e9es<\/li>\n<li>remplir en ligne les formulaires<\/li>\n<\/ul>\n<br \/>\n\n<p><a href=\"https:\/\/oms.prolitteris.ch\/v2\/\" target=\"_blank\" rel=\"noopener noreferrer\"><br \/>Portail pour les utilisateurs enregistr\u00e9s<\/a><\/p>\n<p><a href=\"https:\/\/www.prolitteris.ch\/register\" target=\"_blank\" rel=\"noopener noreferrer\"><br \/>Activation vers le portail<\/a><\/p>\n\n<\/div>\n<\/div>\n","protected":false},"excerpt":{"rendered":"<p>Pour les ayants droit Texte et image En tant qu\u2019ayant droit, vous pouvez : consulter vos d\u00e9comptes et vos donn\u00e9es participer aux r\u00e9partitions et d\u00e9clarer des \u0153uvres Portail Pour les utilisateurs Entreprises, \u00e9coles, biblioth\u00e8ques, administrations publiques, centres de photocopie, autres organisations En tant qu\u2019utilisateur, vous pouvez : consulter et modifier vos donn\u00e9es remplir en ligne<\/p>\n","protected":false},"author":3,"featured_media":0,"parent":0,"menu_order":0,"comment_status":"closed","ping_status":"closed","template":"pages\/template-no-sidebar.php","meta":{"_acf_changed":false,"_relevanssi_hide_post":"","_relevanssi_hide_content":"","_relevanssi_pin_for_all":"","_relevanssi_pin_keywords":"","_relevanssi_unpin_keywords":"","_relevanssi_related_keywords":"","_relevanssi_related_include_ids":"","_relevanssi_related_exclude_ids":"","_relevanssi_related_no_append":"","_relevanssi_related_not_related":"","_relevanssi_related_posts":"","_relevanssi_noindex_reason":"","footnotes":""},"class_list":["post-2854","page","type-page","status-publish","hentry"],"acf":[],"_links":{"self":[{"href":"https:\/\/prolitteris.ch\/fr\/wp-json\/wp\/v2\/pages\/2854","targetHints":{"allow":["GET"]}}],"collection":[{"href":"https:\/\/prolitteris.ch\/fr\/wp-json\/wp\/v2\/pages"}],"about":[{"href":"https:\/\/prolitteris.ch\/fr\/wp-json\/wp\/v2\/types\/page"}],"author":[{"embeddable":true,"href":"https:\/\/prolitteris.ch\/fr\/wp-json\/wp\/v2\/users\/3"}],"replies":[{"embeddable":true,"href":"https:\/\/prolitteris.ch\/fr\/wp-json\/wp\/v2\/comments?post=2854"}],"version-history":[{"count":0,"href":"https:\/\/prolitteris.ch\/fr\/wp-json\/wp\/v2\/pages\/2854\/revisions"}],"wp:attachment":[{"href":"https:\/\/prolitteris.ch\/fr\/wp-json\/wp\/v2\/media?parent=2854"}],"curies":[{"name":"wp","href":"https:\/\/api.w.org\/{rel}","templated":true}]}}