{"id":3421,"date":"2017-03-13T11:00:17","date_gmt":"2017-03-13T10:00:17","guid":{"rendered":"https:\/\/prolitteris.ch\/fr\/?page_id=3421"},"modified":"2026-05-05T10:16:26","modified_gmt":"2026-05-05T08:16:26","slug":"assemblee-generale","status":"publish","type":"page","link":"https:\/\/prolitteris.ch\/fr\/auteurs-editeurs\/assemblee-generale\/","title":{"rendered":"Assembl\u00e9e g\u00e9n\u00e9rale"},"content":{"rendered":"\n\n\n<p>ProLitteris est une soci\u00e9t\u00e9 coop\u00e9rative qui compte environ 15 000 soci\u00e9taires. Le soci\u00e9tariat leur donne le droit de participer \u00e0 l&#8217;Assembl\u00e9e g\u00e9n\u00e9rale annuelle. L&#8217;Assembl\u00e9e g\u00e9n\u00e9rale est notamment charg\u00e9e d&#8217;\u00e9lire le Conseil d&#8217;administration, d&#8217;approuver les comptes annuels et les statuts.<\/p>\n\n\n\n<p>L&#8217;Assembl\u00e9e g\u00e9n\u00e9rale aura lieu le samedi 27 juin 2026 \u00e0 13h30 \u00e0 Saint-Gall. La remise du prix ProLitteris est pr\u00e9vue \u00e0 15h00. Tous les participants sont ensuite invit\u00e9s \u00e0 un repas commun.<\/p>\n\n\n\n<p>L&#8217;ordre du jour d\u00e9finitif sera publi\u00e9 sur le site web \u00abInfo sur l&#8217;Assembl\u00e9e g\u00e9n\u00e9rale\u00bb au cours de la derni\u00e8re semaine de mai.<\/p>\n\n\n\n<p><\/p>\n","protected":false},"excerpt":{"rendered":"<p>ProLitteris est une soci\u00e9t\u00e9 coop\u00e9rative qui compte environ 15 000 soci\u00e9taires. Le soci\u00e9tariat leur donne le droit de participer \u00e0 l&#8217;Assembl\u00e9e g\u00e9n\u00e9rale annuelle. L&#8217;Assembl\u00e9e g\u00e9n\u00e9rale est notamment charg\u00e9e d&#8217;\u00e9lire le Conseil d&#8217;administration, d&#8217;approuver les comptes annuels et les statuts. L&#8217;Assembl\u00e9e g\u00e9n\u00e9rale aura lieu le samedi 27 juin 2026 \u00e0 13h30 \u00e0 Saint-Gall. La remise du<\/p>\n","protected":false},"author":3,"featured_media":0,"parent":328,"menu_order":0,"comment_status":"closed","ping_status":"closed","template":"","meta":{"_acf_changed":false,"_relevanssi_hide_post":"","_relevanssi_hide_content":"","_relevanssi_pin_for_all":"","_relevanssi_pin_keywords":"","_relevanssi_unpin_keywords":"","_relevanssi_related_keywords":"","_relevanssi_related_include_ids":"","_relevanssi_related_exclude_ids":"","_relevanssi_related_no_append":"","_relevanssi_related_not_related":"","_relevanssi_related_posts":"19342,20175,5941,5813,18697,25786","_relevanssi_noindex_reason":"","footnotes":""},"class_list":["post-3421","page","type-page","status-publish","hentry"],"acf":[],"_links":{"self":[{"href":"https:\/\/prolitteris.ch\/fr\/wp-json\/wp\/v2\/pages\/3421","targetHints":{"allow":["GET"]}}],"collection":[{"href":"https:\/\/prolitteris.ch\/fr\/wp-json\/wp\/v2\/pages"}],"about":[{"href":"https:\/\/prolitteris.ch\/fr\/wp-json\/wp\/v2\/types\/page"}],"author":[{"embeddable":true,"href":"https:\/\/prolitteris.ch\/fr\/wp-json\/wp\/v2\/users\/3"}],"replies":[{"embeddable":true,"href":"https:\/\/prolitteris.ch\/fr\/wp-json\/wp\/v2\/comments?post=3421"}],"version-history":[{"count":3,"href":"https:\/\/prolitteris.ch\/fr\/wp-json\/wp\/v2\/pages\/3421\/revisions"}],"predecessor-version":[{"id":26796,"href":"https:\/\/prolitteris.ch\/fr\/wp-json\/wp\/v2\/pages\/3421\/revisions\/26796"}],"up":[{"embeddable":true,"href":"https:\/\/prolitteris.ch\/fr\/wp-json\/wp\/v2\/pages\/328"}],"wp:attachment":[{"href":"https:\/\/prolitteris.ch\/fr\/wp-json\/wp\/v2\/media?parent=3421"}],"curies":[{"name":"wp","href":"https:\/\/api.w.org\/{rel}","templated":true}]}}