{"id":387,"date":"2015-08-18T12:41:44","date_gmt":"2015-08-18T12:41:44","guid":{"rendered":"https:\/\/prolitteris.ch\/wordpress\/fur-mitglieder\/werke-melden-und-daten-bearbeiten\/?lang=fr"},"modified":"2024-02-23T10:38:28","modified_gmt":"2024-02-23T09:38:28","slug":"repartition-des-redevances","status":"publish","type":"page","link":"https:\/\/prolitteris.ch\/fr\/auteurs-editeurs\/repartition-des-redevances\/","title":{"rendered":"R\u00e9partition des redevances"},"content":{"rendered":"<p>Redevances l\u00e9gales : Si vous avez un contrat de gestion et si vous publiez des textes ou des images, vous pouvez recevoir de l&#8217;argent de ProLitteris. En Suisse et au Liechtenstein, ProLitteris est officiellement responsable des redevances l\u00e9gales.\u00a0Nos r\u00e9partitions concernent\u00a0:<\/p>\n<p>Les \u0153uvres imprim\u00e9es\u00a0: R\u00e9partition Print<\/p>\n<p>Les \u0153uvres sur Internet\u00a0: R\u00e9partition Online<\/p>\n<p>Les \u0153uvres \u00e0 la radio et \u00e0 la t\u00e9l\u00e9vision\u00a0: R\u00e9partition Broadcast<\/p>\n<p>Des redevances contractuelles sont vers\u00e9es si les droits sont g\u00e9r\u00e9s par ProLitteris et \u00e0 condition d\u2019utilisations concr\u00e8tes dont ProLitteris a accept\u00e9 la gestion :<br \/>\n&#8211; \u00c9missions avec texte (domaine de gestion Audio)<br \/>\n&#8211; La reproduction des \u0153uvres d&#8217;art (domaine de gestion Art)<\/p>\n<p>Le r\u00e8glement de r\u00e9partition d\u00e9finit les r\u00e9partitions. Le r\u00e8glement de r\u00e9partition est approuv\u00e9 par l&#8217;Institut F\u00e9d\u00e9ral de la Propri\u00e9t\u00e9 Intellectuelle (IPI).<\/p>\n","protected":false},"excerpt":{"rendered":"<p>Redevances l\u00e9gales : Si vous avez un contrat de gestion et si vous publiez des textes ou des images, vous pouvez recevoir de l&#8217;argent de ProLitteris. En Suisse et au Liechtenstein, ProLitteris est officiellement responsable des redevances l\u00e9gales.\u00a0Nos r\u00e9partitions concernent\u00a0: Les \u0153uvres imprim\u00e9es\u00a0: R\u00e9partition Print Les \u0153uvres sur Internet\u00a0: R\u00e9partition Online Les \u0153uvres \u00e0 la<\/p>\n","protected":false},"author":1,"featured_media":0,"parent":328,"menu_order":0,"comment_status":"closed","ping_status":"open","template":"","meta":{"_acf_changed":false,"_relevanssi_hide_post":"","_relevanssi_hide_content":"","_relevanssi_pin_for_all":"","_relevanssi_pin_keywords":"","_relevanssi_unpin_keywords":"","_relevanssi_related_keywords":"","_relevanssi_related_include_ids":"","_relevanssi_related_exclude_ids":"","_relevanssi_related_no_append":"","_relevanssi_related_not_related":"","_relevanssi_related_posts":"","_relevanssi_noindex_reason":"","footnotes":""},"class_list":["post-387","page","type-page","status-publish","hentry"],"acf":[],"_links":{"self":[{"href":"https:\/\/prolitteris.ch\/fr\/wp-json\/wp\/v2\/pages\/387","targetHints":{"allow":["GET"]}}],"collection":[{"href":"https:\/\/prolitteris.ch\/fr\/wp-json\/wp\/v2\/pages"}],"about":[{"href":"https:\/\/prolitteris.ch\/fr\/wp-json\/wp\/v2\/types\/page"}],"author":[{"embeddable":true,"href":"https:\/\/prolitteris.ch\/fr\/wp-json\/wp\/v2\/users\/1"}],"replies":[{"embeddable":true,"href":"https:\/\/prolitteris.ch\/fr\/wp-json\/wp\/v2\/comments?post=387"}],"version-history":[{"count":0,"href":"https:\/\/prolitteris.ch\/fr\/wp-json\/wp\/v2\/pages\/387\/revisions"}],"up":[{"embeddable":true,"href":"https:\/\/prolitteris.ch\/fr\/wp-json\/wp\/v2\/pages\/328"}],"wp:attachment":[{"href":"https:\/\/prolitteris.ch\/fr\/wp-json\/wp\/v2\/media?parent=387"}],"curies":[{"name":"wp","href":"https:\/\/api.w.org\/{rel}","templated":true}]}}