{"id":400,"date":"2015-08-18T12:44:13","date_gmt":"2015-08-18T12:44:13","guid":{"rendered":"https:\/\/prolitteris.ch\/wordpress\/fur-nutzer\/abrechnungen-und-rechnungsstellung\/?lang=fr"},"modified":"2021-04-09T17:00:20","modified_gmt":"2021-04-09T15:00:20","slug":"oeuvres-orphelines-tc-13","status":"publish","type":"page","link":"https:\/\/prolitteris.ch\/fr\/utilisateurs-tarifs\/oeuvres-orphelines-tc-13\/","title":{"rendered":"\u0152uvres orphelines (TC 13)"},"content":{"rendered":"<p>Voulez-vous utiliser une \u0153uvre mais vous ne connaissez pas le d\u00e9tenteur du droit d&#8217;auteur ou vous ne le trouvez pas? Les \u0153uvres orphelines peuvent \u00eatre utilis\u00e9es sans l&#8217;autorisation de l\u2019ayant droit si l&#8217;on confirme \u00e0 ProLitteris \u00e0 l&#8217;aide d&#8217;un formulaire que l&#8217;on a effectu\u00e9 des recherches dans diff\u00e9rentes bases de donn\u00e9es et que l&#8217;on n&#8217;a toujours pas trouv\u00e9 l&#8217;identit\u00e9 ou le contact de l\u2019ayant droit. L\u2019exemplaire \u00e0 utiliser doit provenir d&#8217;une institution de m\u00e9moire suisse (biblioth\u00e8que, \u00e9tablissement d&#8217;enseignement, mus\u00e9e, collection, archives d&#8217;un organisme de rediffusion). L&#8217;utilisation des \u0153uvres orphelines est soumise \u00e0 une redevance et peut \u00eatre r\u00e9gl\u00e9e par le biais de ProLitteris. L&#8217;utilisation des \u0153uvres orphelines est r\u00e9glement\u00e9e par le tarif commun 13 (TC 13).<\/p>\n<p>Effectuez les recherches \u00e0 l&#8217;aide de la liste de contr\u00f4le et remplissez le formulaire de d\u00e9claration. Envoyez ensuite le formulaire de d\u00e9claration \u00e0 <a href=\"mailto:gt13@prolitteris.ch\">gt13@prolitteris.ch<\/a>. Il faut compter jusqu&#8217;\u00e0 30 jours pour recevoir la facture et donc la licence. Les frais de rappel pr\u00e9vus dans le tarif pour les paiements tardifs sont de 100 CHF.<\/p>\n","protected":false},"excerpt":{"rendered":"<p>Voulez-vous utiliser une \u0153uvre mais vous ne connaissez pas le d\u00e9tenteur du droit d&#8217;auteur ou vous ne le trouvez pas? Les \u0153uvres orphelines peuvent \u00eatre utilis\u00e9es sans l&#8217;autorisation de l\u2019ayant droit si l&#8217;on confirme \u00e0 ProLitteris \u00e0 l&#8217;aide d&#8217;un formulaire que l&#8217;on a effectu\u00e9 des recherches dans diff\u00e9rentes bases de donn\u00e9es et que l&#8217;on n&#8217;a<\/p>\n","protected":false},"author":1,"featured_media":0,"parent":393,"menu_order":0,"comment_status":"closed","ping_status":"open","template":"","meta":{"_acf_changed":false,"_relevanssi_hide_post":"","_relevanssi_hide_content":"","_relevanssi_pin_for_all":"","_relevanssi_pin_keywords":"","_relevanssi_unpin_keywords":"","_relevanssi_related_keywords":"","_relevanssi_related_include_ids":"","_relevanssi_related_exclude_ids":"","_relevanssi_related_no_append":"","_relevanssi_related_not_related":"","_relevanssi_related_posts":"6825,7464,5941,5813","_relevanssi_noindex_reason":"","footnotes":""},"class_list":["post-400","page","type-page","status-publish","hentry"],"acf":[],"_links":{"self":[{"href":"https:\/\/prolitteris.ch\/fr\/wp-json\/wp\/v2\/pages\/400","targetHints":{"allow":["GET"]}}],"collection":[{"href":"https:\/\/prolitteris.ch\/fr\/wp-json\/wp\/v2\/pages"}],"about":[{"href":"https:\/\/prolitteris.ch\/fr\/wp-json\/wp\/v2\/types\/page"}],"author":[{"embeddable":true,"href":"https:\/\/prolitteris.ch\/fr\/wp-json\/wp\/v2\/users\/1"}],"replies":[{"embeddable":true,"href":"https:\/\/prolitteris.ch\/fr\/wp-json\/wp\/v2\/comments?post=400"}],"version-history":[{"count":0,"href":"https:\/\/prolitteris.ch\/fr\/wp-json\/wp\/v2\/pages\/400\/revisions"}],"up":[{"embeddable":true,"href":"https:\/\/prolitteris.ch\/fr\/wp-json\/wp\/v2\/pages\/393"}],"wp:attachment":[{"href":"https:\/\/prolitteris.ch\/fr\/wp-json\/wp\/v2\/media?parent=400"}],"curies":[{"name":"wp","href":"https:\/\/api.w.org\/{rel}","templated":true}]}}