{"id":406,"date":"2015-08-18T12:43:13","date_gmt":"2015-08-18T12:43:13","guid":{"rendered":"https:\/\/prolitteris.ch\/wordpress\/fur-nutzer\/entschodigungspflicht-und-ausnahmen\/?lang=fr"},"modified":"2025-07-09T14:06:52","modified_gmt":"2025-07-09T12:06:52","slug":"licences-collectives-etendues","status":"publish","type":"page","link":"https:\/\/prolitteris.ch\/fr\/utilisateurs-tarifs\/licences-collectives-etendues\/","title":{"rendered":"Licences collectives \u00e9tendues"},"content":{"rendered":"<p>Les licences collectives \u00e9tendues peuvent \u00eatre utiles si un grand nombre d&#8217;\u0153uvres doit \u00eatre utilis\u00e9 et que les droits ne peuvent pas \u00eatre clarifi\u00e9s. C&#8217;est le cas si l&#8217;effort de clarification de tous les droits concern\u00e9s serait disproportionn\u00e9. Par exemple parce que de nombreux ayants droit ne peuvent \u00eatre trouv\u00e9s ou sont inconnus.<\/p>\n<p>Les licences collectives \u00e9tendues couvrent \u00e9galement les ayants droit sur des textes et des images qui ne sont pas contractuellement associ\u00e9s \u00e0 ProLitteris. Toutefois, les ayants droit peuvent sur demande \u00eatre exclus de la licence. Les licences collectives \u00e9tendues rel\u00e8vent de la responsabilit\u00e9 de chaque soci\u00e9t\u00e9 de gestion collective dans son domaine d&#8217;activit\u00e9. La licence n&#8217;est valable que pour le territoire de la Suisse.<\/p>\n<p>Annonce de licences collectives \u00e9tendues :<br \/>\n<a href=\"https:\/\/prolitteris.ch\/wp_update2020\/wp-content\/uploads\/announcement_extended_collective_license_prolitteris_plazi_2020_opt-out_form.pdf\" target=\"_blank\" rel=\"noopener noreferrer\">2020 : Plazi (plazi.org)<\/a><br \/>\n<a href=\"https:\/\/prolitteris.ch\/wp_update2020\/wp-content\/uploads\/announcement_extended_collective_license_prolitteris_Plazi_2023_opt-out_form.pdf\" target=\"_blank\" rel=\"noopener noreferrer\">2023 : prolongation Plazi (plazi.org)<\/a><br \/>\n<a href=\"https:\/\/prolitteris.ch\/wp_update2020\/wp-content\/uploads\/bekanntgabe_erweiterte-_kollektivlizenz_prolitteris_verein_hommage_2021.pdf\">2021 : Hommage 2021 (hommage2021.ch)<\/a><br \/>\n<a href=\"https:\/\/prolitteris.ch\/wp_update2020\/wp-content\/uploads\/bekanntgabe_erweiterte-_kollektivlizenz_prolitteris_verein_hommage_2022.pdf\">2022 : prolongation Hommage 2021 (hommage2021.ch)<\/a><br \/>\n<a href=\"https:\/\/prolitteris.ch\/wp_update2020\/wp-content\/uploads\/bekanntgabe_erweiterte_kollektivlizenz_prolitteris_stiftung_pestalozzianum_und_opt-out-formular_2022.pdf\">2022: Stiftung Pestalozzianum (pestalozzianum.ch)<\/a><br \/>\n<a href=\"https:\/\/prolitteris.ch\/wp_update2020\/wp-content\/uploads\/bekanntgabe_erweiterte-_kollektivlizenz_prolitteris_SRG_und_opt-out-formular_2022.pdf\">2022: Schweizerische Radio- und Fernsehgesellschaft (www.srgssr.ch)<\/a><br \/>\n<a href=\"https:\/\/prolitteris.ch\/wp_update2020\/wp-content\/uploads\/announcement_extended_collective_license_prolitteris_SRG_2025_opt-out_form.pdf\">2024\u00a0: prolongation Schweizerische Radio- und Fernsehgesellschaft (www.srgssr.ch) <\/a><br \/>\n<a href=\"https:\/\/prolitteris.ch\/wp_update2020\/wp-content\/uploads\/bekanntgabe_erweiterte_kollektivlizenz_prolitteris_unil_und_opt-out-formular_2022.pdf.pdf\" target=\"_blank\" rel=\"nofollow noopener\">2022:\u00a0Universit\u00e9 de Lausanne (catima.unil.ch\/fs-ds)<\/a><br \/>\n<a href=\"https:\/\/prolitteris.ch\/wp_update2020\/wp-content\/uploads\/bekanntgabe_erweiterte-_kollektivlizenz_prolitteris_gosteli_stiftung_2023.pdf\">2023: Gosteli-Stiftung<\/a><br \/>\n<a href=\"https:\/\/prolitteris.ch\/wp_update2020\/wp-content\/uploads\/ecl_memoriav_memobase_2023-10-13_publication.pdf\">2023: Memoriav, Memobase<\/a><br \/>\n<a href=\"https:\/\/prolitteris.ch\/wp_update2020\/wp-content\/uploads\/bekanntgabe_erweiterte-_kollektivlizenz_prolitteris_correspondances_2024.pdf\">2024: Correspondances (www.correspondances.ch)<\/a><br \/>\n<a href=\"https:\/\/prolitteris.ch\/wp_update2020\/wp-content\/uploads\/ecl_schweizerisches_sozialarchiv_2024-09-25_publication.pdf\">2024: Schweizerisches Sozialarchiv<\/a><br \/>\n<a href=\"https:\/\/prolitteris.ch\/wp_update2020\/wp-content\/uploads\/ProLitteris_ECL_fr_Musee_Historique_Lausanne_projet-contrat.pdf\" target=\"_blank\" rel=\"noreferrer noopener\" data-type=\"link\" data-id=\"https:\/\/prolitteris.ch\/wp_update2020\/wp-content\/uploads\/ProLitteris_ECL_fr_Musee_Historique_Lausanne_projet-contrat.pdf\">2025: Mus\u00e9e Historique Lausanne<\/a><\/p>\n","protected":false},"excerpt":{"rendered":"<p>Les licences collectives \u00e9tendues peuvent \u00eatre utiles si un grand nombre d&#8217;\u0153uvres doit \u00eatre utilis\u00e9 et que les droits ne peuvent pas \u00eatre clarifi\u00e9s. C&#8217;est le cas si l&#8217;effort de clarification de tous les droits concern\u00e9s serait disproportionn\u00e9. Par exemple parce que de nombreux ayants droit ne peuvent \u00eatre trouv\u00e9s ou sont inconnus. Les licences<\/p>\n","protected":false},"author":1,"featured_media":0,"parent":393,"menu_order":0,"comment_status":"closed","ping_status":"open","template":"","meta":{"_acf_changed":false,"_relevanssi_hide_post":"","_relevanssi_hide_content":"","_relevanssi_pin_for_all":"","_relevanssi_pin_keywords":"","_relevanssi_unpin_keywords":"","_relevanssi_related_keywords":"","_relevanssi_related_include_ids":"","_relevanssi_related_exclude_ids":"","_relevanssi_related_no_append":"","_relevanssi_related_not_related":"","_relevanssi_related_posts":"20537,21568,18764,19563,20412,7464","_relevanssi_noindex_reason":"","footnotes":""},"class_list":["post-406","page","type-page","status-publish","hentry"],"acf":[],"_links":{"self":[{"href":"https:\/\/prolitteris.ch\/fr\/wp-json\/wp\/v2\/pages\/406","targetHints":{"allow":["GET"]}}],"collection":[{"href":"https:\/\/prolitteris.ch\/fr\/wp-json\/wp\/v2\/pages"}],"about":[{"href":"https:\/\/prolitteris.ch\/fr\/wp-json\/wp\/v2\/types\/page"}],"author":[{"embeddable":true,"href":"https:\/\/prolitteris.ch\/fr\/wp-json\/wp\/v2\/users\/1"}],"replies":[{"embeddable":true,"href":"https:\/\/prolitteris.ch\/fr\/wp-json\/wp\/v2\/comments?post=406"}],"version-history":[{"count":0,"href":"https:\/\/prolitteris.ch\/fr\/wp-json\/wp\/v2\/pages\/406\/revisions"}],"up":[{"embeddable":true,"href":"https:\/\/prolitteris.ch\/fr\/wp-json\/wp\/v2\/pages\/393"}],"wp:attachment":[{"href":"https:\/\/prolitteris.ch\/fr\/wp-json\/wp\/v2\/media?parent=406"}],"curies":[{"name":"wp","href":"https:\/\/api.w.org\/{rel}","templated":true}]}}