{"id":501,"date":"2015-08-18T12:42:47","date_gmt":"2015-08-18T12:42:47","guid":{"rendered":"https:\/\/prolitteris.ch\/wordpress\/bildrechte-kunstwerke-und-fotografien\/?lang=fr"},"modified":"2022-11-18T15:29:50","modified_gmt":"2022-11-18T14:29:50","slug":"organismes-de-diffusion","status":"publish","type":"page","link":"https:\/\/prolitteris.ch\/fr\/organismes-de-diffusion\/","title":{"rendered":"Organismes de diffusion"},"content":{"rendered":"<p>Vous \u00eates un auteur ou un \u00e9diteur dont les textes figurent dans le programme ou l&#8217;offre Internet d&#8217;une station de radio ou d\u2019une cha\u00eene de t\u00e9l\u00e9vision ? S\u2019il s\u2019agit de pi\u00e8ces radiophoniques, de livres audio, de pi\u00e8ces de th\u00e9\u00e2tre, de sc\u00e9narios et de repr\u00e9sentations en tant que com\u00e9dien ou orateur, une redevance est possible.<\/p>\n<p>Il convient de faire la distinction entre les deux :<\/p>\n<p>&#8211; La r\u00e9partition Audio, qui concerne les redevances contractuelles des organismes de diffusion.<\/p>\n<p>&#8211; La r\u00e9partition Broadcast, qui concerne les redevances l\u00e9gales des retransmetteurs (r\u00e9seaux c\u00e2bl\u00e9s, t\u00e9l\u00e9vision par Internet).<\/p>\n<p>Dans le domaine de gestion Audio, seules les utilisations des organismes de diffusion sont concern\u00e9es. Le contrat le plus important est celui de ProLitteris avec SRG SSR. Les redevances s&#8217;\u00e9l\u00e8vent en g\u00e9n\u00e9ral \u00e0 CHF 20 par minute de diffusion avant d\u00e9ductions, applicables aux diffusions \u00e0 la radio et \u00e0 la t\u00e9l\u00e9vision et aux utilisations sur Internet.<\/p>\n<p>La redevance n\u00e9cessite le transfert des droits correspondants \u00e0 ProLitteris. ProLitteris re\u00e7oit les d\u00e9clarations d&#8217;utilisation des organismes de diffusion, \u00e0 savoir la SRG SSR. Nous collaborons avec la SSA, la soci\u00e9t\u00e9 de gestion collective des \u0153uvres dramatiques et chor\u00e9graphiques bas\u00e9e \u00e0 Lausanne.<\/p>\n","protected":false},"excerpt":{"rendered":"<p>Vous \u00eates un auteur ou un \u00e9diteur dont les textes figurent dans le programme ou l&#8217;offre Internet d&#8217;une station de radio ou d\u2019une cha\u00eene de t\u00e9l\u00e9vision ? S\u2019il s\u2019agit de pi\u00e8ces radiophoniques, de livres audio, de pi\u00e8ces de th\u00e9\u00e2tre, de sc\u00e9narios et de repr\u00e9sentations en tant que com\u00e9dien ou orateur, une redevance est possible. Il<\/p>\n","protected":false},"author":1,"featured_media":0,"parent":0,"menu_order":0,"comment_status":"closed","ping_status":"open","template":"","meta":{"_acf_changed":false,"_relevanssi_hide_post":"","_relevanssi_hide_content":"","_relevanssi_pin_for_all":"","_relevanssi_pin_keywords":"","_relevanssi_unpin_keywords":"","_relevanssi_related_keywords":"","_relevanssi_related_include_ids":"","_relevanssi_related_exclude_ids":"","_relevanssi_related_no_append":"","_relevanssi_related_not_related":"","_relevanssi_related_posts":"19563,6825,5941,19342,18697,18764","_relevanssi_noindex_reason":"","footnotes":""},"class_list":["post-501","page","type-page","status-publish","hentry"],"acf":[],"_links":{"self":[{"href":"https:\/\/prolitteris.ch\/fr\/wp-json\/wp\/v2\/pages\/501","targetHints":{"allow":["GET"]}}],"collection":[{"href":"https:\/\/prolitteris.ch\/fr\/wp-json\/wp\/v2\/pages"}],"about":[{"href":"https:\/\/prolitteris.ch\/fr\/wp-json\/wp\/v2\/types\/page"}],"author":[{"embeddable":true,"href":"https:\/\/prolitteris.ch\/fr\/wp-json\/wp\/v2\/users\/1"}],"replies":[{"embeddable":true,"href":"https:\/\/prolitteris.ch\/fr\/wp-json\/wp\/v2\/comments?post=501"}],"version-history":[{"count":0,"href":"https:\/\/prolitteris.ch\/fr\/wp-json\/wp\/v2\/pages\/501\/revisions"}],"wp:attachment":[{"href":"https:\/\/prolitteris.ch\/fr\/wp-json\/wp\/v2\/media?parent=501"}],"curies":[{"name":"wp","href":"https:\/\/api.w.org\/{rel}","templated":true}]}}