{"id":5195,"date":"2018-08-02T14:39:55","date_gmt":"2018-08-02T13:39:55","guid":{"rendered":"https:\/\/prolitteris.ch\/?page_id=5195"},"modified":"2024-06-25T10:51:57","modified_gmt":"2024-06-25T08:51:57","slug":"domaine-de-gestion-audio","status":"publish","type":"page","link":"https:\/\/prolitteris.ch\/fr\/organismes-de-diffusion\/domaine-de-gestion-audio\/","title":{"rendered":"Domaine de gestion Audio"},"content":{"rendered":"<p>Transf\u00e9rez \u00e0 ProLitteris la gestion des droits pour les \u00e9missions avec texte. Nous vous verserons ensuite des droits lorsque vos textes apparaissent \u00e0 la radio, \u00e0 la t\u00e9l\u00e9vision ou dans les offres Internet des organismes de diffusion. Il est difficile pour les particuliers de r\u00e9gler de telles utilisations. L&#8217;exclusion de ce transfert de ce droit \u00e0 ProLitteris ne fait sens que pour les ayants droit qui g\u00e8rent eux-m\u00eames leurs droits et concluent des contrats avec les organismes de diffusion.<\/p>\n<p>Opt-out artificial intelligence : ProLitteris interdit l&#8217;analyse automatis\u00e9e des \u0153uvres \u00e0 des fins de text and data mining conform\u00e9ment \u00e0 l&#8217;art. 4 de la directive UE 2019\/790 pour tous les textes et images dans le domaine de gestion Art (utilisations d&#8217;\u0153uvres d&#8217;art) et dans le domaine de gestion Audio (utilisations par des organismes de diffusion).<\/p>\n","protected":false},"excerpt":{"rendered":"<p>Transf\u00e9rez \u00e0 ProLitteris la gestion des droits pour les \u00e9missions avec texte. Nous vous verserons ensuite des droits lorsque vos textes apparaissent \u00e0 la radio, \u00e0 la t\u00e9l\u00e9vision ou dans les offres Internet des organismes de diffusion. Il est difficile pour les particuliers de r\u00e9gler de telles utilisations. L&#8217;exclusion de ce transfert de ce droit<\/p>\n","protected":false},"author":4,"featured_media":0,"parent":501,"menu_order":0,"comment_status":"closed","ping_status":"closed","template":"","meta":{"_acf_changed":false,"_relevanssi_hide_post":"","_relevanssi_hide_content":"","_relevanssi_pin_for_all":"","_relevanssi_pin_keywords":"","_relevanssi_unpin_keywords":"","_relevanssi_related_keywords":"","_relevanssi_related_include_ids":"","_relevanssi_related_exclude_ids":"","_relevanssi_related_no_append":"","_relevanssi_related_not_related":"","_relevanssi_related_posts":"","_relevanssi_noindex_reason":"","footnotes":""},"class_list":["post-5195","page","type-page","status-publish","hentry"],"acf":[],"_links":{"self":[{"href":"https:\/\/prolitteris.ch\/fr\/wp-json\/wp\/v2\/pages\/5195","targetHints":{"allow":["GET"]}}],"collection":[{"href":"https:\/\/prolitteris.ch\/fr\/wp-json\/wp\/v2\/pages"}],"about":[{"href":"https:\/\/prolitteris.ch\/fr\/wp-json\/wp\/v2\/types\/page"}],"author":[{"embeddable":true,"href":"https:\/\/prolitteris.ch\/fr\/wp-json\/wp\/v2\/users\/4"}],"replies":[{"embeddable":true,"href":"https:\/\/prolitteris.ch\/fr\/wp-json\/wp\/v2\/comments?post=5195"}],"version-history":[{"count":0,"href":"https:\/\/prolitteris.ch\/fr\/wp-json\/wp\/v2\/pages\/5195\/revisions"}],"up":[{"embeddable":true,"href":"https:\/\/prolitteris.ch\/fr\/wp-json\/wp\/v2\/pages\/501"}],"wp:attachment":[{"href":"https:\/\/prolitteris.ch\/fr\/wp-json\/wp\/v2\/media?parent=5195"}],"curies":[{"name":"wp","href":"https:\/\/api.w.org\/{rel}","templated":true}]}}