{"id":6314,"date":"2020-09-21T13:15:57","date_gmt":"2020-09-21T11:15:57","guid":{"rendered":"https:\/\/prolitteris.ch\/wp_update2020\/?page_id=6314"},"modified":"2024-03-05T10:09:26","modified_gmt":"2024-03-05T09:09:26","slug":"enregistrements-darchive","status":"publish","type":"page","link":"https:\/\/prolitteris.ch\/fr\/organismes-de-diffusion\/enregistrements-darchive\/","title":{"rendered":"R\u00e9seaux de communication (Broadcast)"},"content":{"rendered":"<p>L&#8217;argent vers\u00e9 aux auteurs et aux \u00e9diteurs dont les textes sont utilis\u00e9s par les organismes de diffusion (p. ex. com\u00e9die et spoken word) se compose des redevances de licence vers\u00e9es par la SSR et les organismes de diffusion priv\u00e9s (&#8220;R\u00e9partition Audio&#8221;) et des redevances l\u00e9gales (&#8220;R\u00e9partition Broadcast&#8221;).<\/p>\n","protected":false},"excerpt":{"rendered":"<p>L&#8217;argent vers\u00e9 aux auteurs et aux \u00e9diteurs dont les textes sont utilis\u00e9s par les organismes de diffusion (p. ex. com\u00e9die et spoken word) se compose des redevances de licence vers\u00e9es par la SSR et les organismes de diffusion priv\u00e9s (&#8220;R\u00e9partition Audio&#8221;) et des redevances l\u00e9gales (&#8220;R\u00e9partition Broadcast&#8221;).<\/p>\n","protected":false},"author":10,"featured_media":0,"parent":501,"menu_order":0,"comment_status":"closed","ping_status":"closed","template":"","meta":{"_acf_changed":false,"_relevanssi_hide_post":"","_relevanssi_hide_content":"","_relevanssi_pin_for_all":"","_relevanssi_pin_keywords":"","_relevanssi_unpin_keywords":"","_relevanssi_related_keywords":"","_relevanssi_related_include_ids":"","_relevanssi_related_exclude_ids":"","_relevanssi_related_no_append":"","_relevanssi_related_not_related":"","_relevanssi_related_posts":"","_relevanssi_noindex_reason":"","footnotes":""},"class_list":["post-6314","page","type-page","status-publish","hentry"],"acf":[],"_links":{"self":[{"href":"https:\/\/prolitteris.ch\/fr\/wp-json\/wp\/v2\/pages\/6314","targetHints":{"allow":["GET"]}}],"collection":[{"href":"https:\/\/prolitteris.ch\/fr\/wp-json\/wp\/v2\/pages"}],"about":[{"href":"https:\/\/prolitteris.ch\/fr\/wp-json\/wp\/v2\/types\/page"}],"author":[{"embeddable":true,"href":"https:\/\/prolitteris.ch\/fr\/wp-json\/wp\/v2\/users\/10"}],"replies":[{"embeddable":true,"href":"https:\/\/prolitteris.ch\/fr\/wp-json\/wp\/v2\/comments?post=6314"}],"version-history":[{"count":0,"href":"https:\/\/prolitteris.ch\/fr\/wp-json\/wp\/v2\/pages\/6314\/revisions"}],"up":[{"embeddable":true,"href":"https:\/\/prolitteris.ch\/fr\/wp-json\/wp\/v2\/pages\/501"}],"wp:attachment":[{"href":"https:\/\/prolitteris.ch\/fr\/wp-json\/wp\/v2\/media?parent=6314"}],"curies":[{"name":"wp","href":"https:\/\/api.w.org\/{rel}","templated":true}]}}