{"id":6316,"date":"2020-09-21T13:16:38","date_gmt":"2020-09-21T11:16:38","guid":{"rendered":"https:\/\/prolitteris.ch\/wp_update2020\/?page_id=6316"},"modified":"2020-11-19T11:34:15","modified_gmt":"2020-11-19T10:34:15","slug":"art","status":"publish","type":"page","link":"https:\/\/prolitteris.ch\/fr\/art\/","title":{"rendered":"Art"},"content":{"rendered":"<p>Vous cr\u00e9ez ou utilisez des \u0153uvres d&#8217;art ? Lorsque les artistes et les successeurs en droit c\u00e8dent la gestion des droits \u00e0 ProLitteris, nous autorisons leur utilisation. Il s&#8217;agit d&#8217;une activit\u00e9 volontaire, et non d&#8217;un mandat l\u00e9gal. Nous transmettons les redevances pay\u00e9es par les utilisateurs aux ayants droit, apr\u00e8s d\u00e9duction des frais administratifs et d&#8217;une contribution \u00e0 des fins sociales et culturelles. Le Tarif Art et le r\u00e8glement de r\u00e9partition sont d\u00e9terminants. Nous accordons des licences collectives l\u00e0 o\u00f9, autrement, chaque individu devrait agir de son propre chef.<\/p>\n<p>Notre offre est limit\u00e9e aux \u0153uvres d&#8217;art et \u00e0 la photographie d&#8217;art. D&#8217;autres images peuvent faire l&#8217;objet d&#8217;une redevance l\u00e9gale, mais ProLitteris n\u2019exploite pas les droits de reproduction. Nous ne r\u00e9glons que les droits sur les \u0153uvres qui sont commercialis\u00e9es, par exemple qui ont \u00e9t\u00e9 vendues ou dont les droits ont d\u00e9j\u00e0 \u00e9t\u00e9 conc\u00e9d\u00e9es sous licence. Les \u0153uvres d&#8217;art dont nous pouvons r\u00e9gler l&#8217;utilisation sont les peintures, les dessins, les illustrations, les caricatures, les bandes dessin\u00e9es, les sculptures, les \u0153uvres plastiques, les photographies artistiques. Comme pour toutes les \u0153uvres, les \u0153uvres d&#8217;art ne peuvent \u00eatre reproduites qu&#8217;avec l&#8217;autorisation des ayants droit.<\/p>\n","protected":false},"excerpt":{"rendered":"<p>Vous cr\u00e9ez ou utilisez des \u0153uvres d&#8217;art ? Lorsque les artistes et les successeurs en droit c\u00e8dent la gestion des droits \u00e0 ProLitteris, nous autorisons leur utilisation. Il s&#8217;agit d&#8217;une activit\u00e9 volontaire, et non d&#8217;un mandat l\u00e9gal. Nous transmettons les redevances pay\u00e9es par les utilisateurs aux ayants droit, apr\u00e8s d\u00e9duction des frais administratifs et d&#8217;une<\/p>\n","protected":false},"author":10,"featured_media":0,"parent":0,"menu_order":0,"comment_status":"closed","ping_status":"open","template":"","meta":{"_acf_changed":false,"_relevanssi_hide_post":"","_relevanssi_hide_content":"","_relevanssi_pin_for_all":"","_relevanssi_pin_keywords":"","_relevanssi_unpin_keywords":"","_relevanssi_related_keywords":"","_relevanssi_related_include_ids":"","_relevanssi_related_exclude_ids":"","_relevanssi_related_no_append":"","_relevanssi_related_not_related":"","_relevanssi_related_posts":"","_relevanssi_noindex_reason":"","footnotes":""},"class_list":["post-6316","page","type-page","status-publish","hentry"],"acf":[],"_links":{"self":[{"href":"https:\/\/prolitteris.ch\/fr\/wp-json\/wp\/v2\/pages\/6316","targetHints":{"allow":["GET"]}}],"collection":[{"href":"https:\/\/prolitteris.ch\/fr\/wp-json\/wp\/v2\/pages"}],"about":[{"href":"https:\/\/prolitteris.ch\/fr\/wp-json\/wp\/v2\/types\/page"}],"author":[{"embeddable":true,"href":"https:\/\/prolitteris.ch\/fr\/wp-json\/wp\/v2\/users\/10"}],"replies":[{"embeddable":true,"href":"https:\/\/prolitteris.ch\/fr\/wp-json\/wp\/v2\/comments?post=6316"}],"version-history":[{"count":0,"href":"https:\/\/prolitteris.ch\/fr\/wp-json\/wp\/v2\/pages\/6316\/revisions"}],"wp:attachment":[{"href":"https:\/\/prolitteris.ch\/fr\/wp-json\/wp\/v2\/media?parent=6316"}],"curies":[{"name":"wp","href":"https:\/\/api.w.org\/{rel}","templated":true}]}}