{"id":6318,"date":"2020-09-21T13:17:31","date_gmt":"2020-09-21T11:17:31","guid":{"rendered":"https:\/\/prolitteris.ch\/wp_update2020\/?page_id=6318"},"modified":"2024-06-25T10:56:33","modified_gmt":"2024-06-25T08:56:33","slug":"domaine-de-gestion-art","status":"publish","type":"page","link":"https:\/\/prolitteris.ch\/fr\/art\/domaine-de-gestion-art\/","title":{"rendered":"Domaine de gestion Art"},"content":{"rendered":"<p>Vous souhaitez estimer le co\u00fbt de la reproduction d&#8217;\u0153uvres d&#8217;art ? ProLitteris repr\u00e9sente les droits d&#8217;environ 150&#8217;000 artistes internationaux. Nous avons des contrats internationaux avec des soci\u00e9t\u00e9s de gestion \u00e0 l&#8217;\u00e9tranger. Veuillez vous r\u00e9f\u00e9rer \u00e0 la liste des artistes pour les \u0153uvres et les droits repr\u00e9sent\u00e9s. Dans des cas exceptionnels, certaines utilisations sont exclues. Par cons\u00e9quent, veuillez nous contacter avant chaque utilisation. L&#8217;utilisation sans autorisation est interdite et entra\u00eene des frais suppl\u00e9mentaires.<\/p>\n<p>Le Tarif Art de ProLitteris indique ce qu&#8217;un utilisateur en suisse doit payer s&#8217;il souhaite reproduire des \u0153uvres des artistes repr\u00e9sent\u00e9s. Le tarif comprend les prix, les rabais et les suppl\u00e9ments, en fonction du type, de l&#8217;objectif et de la quantit\u00e9 d&#8217;utilisation.<\/p>\n<p>Les utilisateurs doivent obtenir \u00e0 temps avant l&#8217;utilisation la licence de ProLitteris. La licence vient toujours de ProLitteris, pas de l&#8217;artiste ou du propri\u00e9taire d\u2019une d\u2019\u0153uvre (par exemple une peinture ou une photographie). Si n\u00e9cessaire, nous consultons les ayants droit, notamment pour les utilisations monographiques, grand format et commerciales et pour les reproductions modifi\u00e9es ou incompl\u00e8tes.<\/p>\n<p>Opt-out artificial intelligence : ProLitteris interdit l&#8217;analyse automatis\u00e9e des \u0153uvres \u00e0 des fins de text and data mining conform\u00e9ment \u00e0 l&#8217;art. 4 de la directive UE 2019\/790 pour tous les textes et images dans le domaine de gestion Art (utilisations d&#8217;\u0153uvres d&#8217;art) et dans le domaine de gestion Audio (utilisations par des organismes de diffusion).<\/p>\n","protected":false},"excerpt":{"rendered":"<p>Vous souhaitez estimer le co\u00fbt de la reproduction d&#8217;\u0153uvres d&#8217;art ? ProLitteris repr\u00e9sente les droits d&#8217;environ 150&#8217;000 artistes internationaux. Nous avons des contrats internationaux avec des soci\u00e9t\u00e9s de gestion \u00e0 l&#8217;\u00e9tranger. Veuillez vous r\u00e9f\u00e9rer \u00e0 la liste des artistes pour les \u0153uvres et les droits repr\u00e9sent\u00e9s. Dans des cas exceptionnels, certaines utilisations sont exclues. Par<\/p>\n","protected":false},"author":10,"featured_media":0,"parent":6316,"menu_order":0,"comment_status":"closed","ping_status":"closed","template":"","meta":{"_acf_changed":false,"_relevanssi_hide_post":"","_relevanssi_hide_content":"","_relevanssi_pin_for_all":"","_relevanssi_pin_keywords":"","_relevanssi_unpin_keywords":"","_relevanssi_related_keywords":"","_relevanssi_related_include_ids":"","_relevanssi_related_exclude_ids":"","_relevanssi_related_no_append":"","_relevanssi_related_not_related":"","_relevanssi_related_posts":"","_relevanssi_noindex_reason":"","footnotes":""},"class_list":["post-6318","page","type-page","status-publish","hentry"],"acf":[],"_links":{"self":[{"href":"https:\/\/prolitteris.ch\/fr\/wp-json\/wp\/v2\/pages\/6318","targetHints":{"allow":["GET"]}}],"collection":[{"href":"https:\/\/prolitteris.ch\/fr\/wp-json\/wp\/v2\/pages"}],"about":[{"href":"https:\/\/prolitteris.ch\/fr\/wp-json\/wp\/v2\/types\/page"}],"author":[{"embeddable":true,"href":"https:\/\/prolitteris.ch\/fr\/wp-json\/wp\/v2\/users\/10"}],"replies":[{"embeddable":true,"href":"https:\/\/prolitteris.ch\/fr\/wp-json\/wp\/v2\/comments?post=6318"}],"version-history":[{"count":0,"href":"https:\/\/prolitteris.ch\/fr\/wp-json\/wp\/v2\/pages\/6318\/revisions"}],"up":[{"embeddable":true,"href":"https:\/\/prolitteris.ch\/fr\/wp-json\/wp\/v2\/pages\/6316"}],"wp:attachment":[{"href":"https:\/\/prolitteris.ch\/fr\/wp-json\/wp\/v2\/media?parent=6318"}],"curies":[{"name":"wp","href":"https:\/\/api.w.org\/{rel}","templated":true}]}}