{"id":6320,"date":"2020-09-21T13:18:21","date_gmt":"2020-09-21T11:18:21","guid":{"rendered":"https:\/\/prolitteris.ch\/wp_update2020\/?page_id=6320"},"modified":"2020-12-14T15:43:24","modified_gmt":"2020-12-14T14:43:24","slug":"demande-de-licence","status":"publish","type":"page","link":"https:\/\/prolitteris.ch\/fr\/art\/demande-de-licence\/","title":{"rendered":"Demande de licence"},"content":{"rendered":"<p>Vous envisagez de reproduire des \u0153uvres d&#8217;art pour lesquelles vous ne poss\u00e9dez pas tous les droits ? Veuillez nous contacter d\u00e8s que possible si vous souhaitez reproduire des \u0153uvres d&#8217;art. Nous ferons de notre mieux pour obtenir une autorisation rapide et fiable. Le processus prend de quelques jours \u00e0 quelques semaines, selon que nous devons ou non consulter d&#8217;autres soci\u00e9t\u00e9s de gestion collective et des ayants droit.<\/p>\n<p><a href=\"https:\/\/prolitteris.ch\/fr\/formulaire-de-demande-de-licence\/\" target=\"_blank\" rel=\"noopener noreferrer\">Formulaire de demande de licence<\/a><\/p>\n","protected":false},"excerpt":{"rendered":"<p>Vous envisagez de reproduire des \u0153uvres d&#8217;art pour lesquelles vous ne poss\u00e9dez pas tous les droits ? Veuillez nous contacter d\u00e8s que possible si vous souhaitez reproduire des \u0153uvres d&#8217;art. Nous ferons de notre mieux pour obtenir une autorisation rapide et fiable. Le processus prend de quelques jours \u00e0 quelques semaines, selon que nous devons<\/p>\n","protected":false},"author":10,"featured_media":0,"parent":6316,"menu_order":0,"comment_status":"closed","ping_status":"closed","template":"","meta":{"_acf_changed":false,"_relevanssi_hide_post":"","_relevanssi_hide_content":"","_relevanssi_pin_for_all":"","_relevanssi_pin_keywords":"","_relevanssi_unpin_keywords":"","_relevanssi_related_keywords":"","_relevanssi_related_include_ids":"","_relevanssi_related_exclude_ids":"","_relevanssi_related_no_append":"","_relevanssi_related_not_related":"","_relevanssi_related_posts":"","_relevanssi_noindex_reason":"","footnotes":""},"class_list":["post-6320","page","type-page","status-publish","hentry"],"acf":[],"_links":{"self":[{"href":"https:\/\/prolitteris.ch\/fr\/wp-json\/wp\/v2\/pages\/6320","targetHints":{"allow":["GET"]}}],"collection":[{"href":"https:\/\/prolitteris.ch\/fr\/wp-json\/wp\/v2\/pages"}],"about":[{"href":"https:\/\/prolitteris.ch\/fr\/wp-json\/wp\/v2\/types\/page"}],"author":[{"embeddable":true,"href":"https:\/\/prolitteris.ch\/fr\/wp-json\/wp\/v2\/users\/10"}],"replies":[{"embeddable":true,"href":"https:\/\/prolitteris.ch\/fr\/wp-json\/wp\/v2\/comments?post=6320"}],"version-history":[{"count":0,"href":"https:\/\/prolitteris.ch\/fr\/wp-json\/wp\/v2\/pages\/6320\/revisions"}],"up":[{"embeddable":true,"href":"https:\/\/prolitteris.ch\/fr\/wp-json\/wp\/v2\/pages\/6316"}],"wp:attachment":[{"href":"https:\/\/prolitteris.ch\/fr\/wp-json\/wp\/v2\/media?parent=6320"}],"curies":[{"name":"wp","href":"https:\/\/api.w.org\/{rel}","templated":true}]}}