{"id":6322,"date":"2020-09-21T13:19:00","date_gmt":"2020-09-21T11:19:00","guid":{"rendered":"https:\/\/prolitteris.ch\/wp_update2020\/?page_id=6322"},"modified":"2020-11-03T14:05:49","modified_gmt":"2020-11-03T13:05:49","slug":"contrats-avec-les-associations","status":"publish","type":"page","link":"https:\/\/prolitteris.ch\/fr\/art\/contrats-avec-les-associations\/","title":{"rendered":"Contrats avec les associations"},"content":{"rendered":"<p>Utilisez-vous r\u00e9guli\u00e8rement les droits de ProLitteris ? Afin de faciliter de nombreuses utilisations et de r\u00e9duire les prix, ProLitteris a d\u00e9velopp\u00e9 des contrats types avec les associations.<\/p>\n<p>Le contrat type pour les mus\u00e9es est bas\u00e9 sur une collaboration entre ProLitteris, l&#8217;Association des mus\u00e9es de Suisse (AMS) et l&#8217;Association des Mus\u00e9es d&#8217;art suisses (AMAS). Il permet des autorisations forfaitaires avec des r\u00e9ductions de 25 % pour les reproductions et de 5 % pour l&#8217;utilisation \u00e0 la demande et une r\u00e9duction suppl\u00e9mentaire de 25 % en cas de facturation collective.<\/p>\n","protected":false},"excerpt":{"rendered":"<p>Utilisez-vous r\u00e9guli\u00e8rement les droits de ProLitteris ? Afin de faciliter de nombreuses utilisations et de r\u00e9duire les prix, ProLitteris a d\u00e9velopp\u00e9 des contrats types avec les associations. Le contrat type pour les mus\u00e9es est bas\u00e9 sur une collaboration entre ProLitteris, l&#8217;Association des mus\u00e9es de Suisse (AMS) et l&#8217;Association des Mus\u00e9es d&#8217;art suisses (AMAS). Il permet<\/p>\n","protected":false},"author":10,"featured_media":0,"parent":6316,"menu_order":0,"comment_status":"closed","ping_status":"closed","template":"","meta":{"_acf_changed":false,"_relevanssi_hide_post":"","_relevanssi_hide_content":"","_relevanssi_pin_for_all":"","_relevanssi_pin_keywords":"","_relevanssi_unpin_keywords":"","_relevanssi_related_keywords":"","_relevanssi_related_include_ids":"","_relevanssi_related_exclude_ids":"","_relevanssi_related_no_append":"","_relevanssi_related_not_related":"","_relevanssi_related_posts":"","_relevanssi_noindex_reason":"","footnotes":""},"class_list":["post-6322","page","type-page","status-publish","hentry"],"acf":[],"_links":{"self":[{"href":"https:\/\/prolitteris.ch\/fr\/wp-json\/wp\/v2\/pages\/6322","targetHints":{"allow":["GET"]}}],"collection":[{"href":"https:\/\/prolitteris.ch\/fr\/wp-json\/wp\/v2\/pages"}],"about":[{"href":"https:\/\/prolitteris.ch\/fr\/wp-json\/wp\/v2\/types\/page"}],"author":[{"embeddable":true,"href":"https:\/\/prolitteris.ch\/fr\/wp-json\/wp\/v2\/users\/10"}],"replies":[{"embeddable":true,"href":"https:\/\/prolitteris.ch\/fr\/wp-json\/wp\/v2\/comments?post=6322"}],"version-history":[{"count":0,"href":"https:\/\/prolitteris.ch\/fr\/wp-json\/wp\/v2\/pages\/6322\/revisions"}],"up":[{"embeddable":true,"href":"https:\/\/prolitteris.ch\/fr\/wp-json\/wp\/v2\/pages\/6316"}],"wp:attachment":[{"href":"https:\/\/prolitteris.ch\/fr\/wp-json\/wp\/v2\/media?parent=6322"}],"curies":[{"name":"wp","href":"https:\/\/api.w.org\/{rel}","templated":true}]}}