{"id":6326,"date":"2020-09-21T13:20:56","date_gmt":"2020-09-21T11:20:56","guid":{"rendered":"https:\/\/prolitteris.ch\/wp_update2020\/?page_id=6326"},"modified":"2026-03-10T15:44:24","modified_gmt":"2026-03-10T14:44:24","slug":"aide-durgence","status":"publish","type":"page","link":"https:\/\/prolitteris.ch\/fr\/aide-sociale\/aide-durgence\/","title":{"rendered":"Aide d&#8217;urgence"},"content":{"rendered":"<p>Les auteurs qui sont soci\u00e9taires de ProLitteris et qui connaissent de graves difficult\u00e9s financi\u00e8res peuvent demander une aide \u00e0 la Fondation sociale. L&#8217;aide consiste g\u00e9n\u00e9ralement en une contribution unique pour des frais d\u00e9termin\u00e9s s\u2019\u00e9levant jusqu&#8217;\u00e0 plusieurs milliers de francs suisses. L&#8217;aide d&#8217;urgence rel\u00e8ve de la responsabilit\u00e9 du Conseil d&#8217;administration de la Fondation sociale. Le Conseil d&#8217;administration \u00e9value les demandes lors de ses r\u00e9unions en mars, juin, septembre et d\u00e9cembre. En dehors des r\u00e9unions, le pr\u00e9sident et le directeur peuvent exceptionnellement d\u00e9cider d&#8217;accorder une aide d&#8217;urgence.<\/p>\n<p>Les demandes doivent \u00eatre transmises \u00e0 l&#8217;adresse \u00e9lectronique de la Fondation sociale (social@prolitteris.ch).<br \/>\nIl convient d&#8217;exposer :<br \/>\n&#8211; la d\u00e9tresse financi\u00e8re (facture ou estimation),<br \/>\n&#8211; la raison du probl\u00e8me (cause, contexte),<br \/>\n&#8211; l&#8217;impact du probl\u00e8me (argent disponible aujourd&#8217;hui et demain) et<br \/>\n&#8211; la situation \u00e9conomique de la personne (\u00e9valuation fiscale, revenu et fortune, budget, circonstances particuli\u00e8res comme la sant\u00e9, l&#8217;\u00e2ge, les dettes).<\/p>\n<p>Notre fondation peut faire appel \u00e0 des travailleurs sociaux afin d\u2019offrir une aide directe et de clarifier la situation financi\u00e8re. La fondation ne soutient aucune \u0153uvre, aucun \u00e9v\u00e9nement ou projet.<\/p>\n","protected":false},"excerpt":{"rendered":"<p>Les auteurs qui sont soci\u00e9taires de ProLitteris et qui connaissent de graves difficult\u00e9s financi\u00e8res peuvent demander une aide \u00e0 la Fondation sociale. L&#8217;aide consiste g\u00e9n\u00e9ralement en une contribution unique pour des frais d\u00e9termin\u00e9s s\u2019\u00e9levant jusqu&#8217;\u00e0 plusieurs milliers de francs suisses. L&#8217;aide d&#8217;urgence rel\u00e8ve de la responsabilit\u00e9 du Conseil d&#8217;administration de la Fondation sociale. Le Conseil<\/p>\n","protected":false},"author":10,"featured_media":0,"parent":6324,"menu_order":0,"comment_status":"closed","ping_status":"closed","template":"","meta":{"_acf_changed":false,"_relevanssi_hide_post":"","_relevanssi_hide_content":"","_relevanssi_pin_for_all":"","_relevanssi_pin_keywords":"","_relevanssi_unpin_keywords":"","_relevanssi_related_keywords":"","_relevanssi_related_include_ids":"","_relevanssi_related_exclude_ids":"","_relevanssi_related_no_append":"","_relevanssi_related_not_related":"","_relevanssi_related_posts":"26700,26706,26392,26255,26604,26624","_relevanssi_noindex_reason":"","footnotes":""},"class_list":["post-6326","page","type-page","status-publish","hentry"],"acf":[],"_links":{"self":[{"href":"https:\/\/prolitteris.ch\/fr\/wp-json\/wp\/v2\/pages\/6326","targetHints":{"allow":["GET"]}}],"collection":[{"href":"https:\/\/prolitteris.ch\/fr\/wp-json\/wp\/v2\/pages"}],"about":[{"href":"https:\/\/prolitteris.ch\/fr\/wp-json\/wp\/v2\/types\/page"}],"author":[{"embeddable":true,"href":"https:\/\/prolitteris.ch\/fr\/wp-json\/wp\/v2\/users\/10"}],"replies":[{"embeddable":true,"href":"https:\/\/prolitteris.ch\/fr\/wp-json\/wp\/v2\/comments?post=6326"}],"version-history":[{"count":1,"href":"https:\/\/prolitteris.ch\/fr\/wp-json\/wp\/v2\/pages\/6326\/revisions"}],"predecessor-version":[{"id":26727,"href":"https:\/\/prolitteris.ch\/fr\/wp-json\/wp\/v2\/pages\/6326\/revisions\/26727"}],"up":[{"embeddable":true,"href":"https:\/\/prolitteris.ch\/fr\/wp-json\/wp\/v2\/pages\/6324"}],"wp:attachment":[{"href":"https:\/\/prolitteris.ch\/fr\/wp-json\/wp\/v2\/media?parent=6326"}],"curies":[{"name":"wp","href":"https:\/\/api.w.org\/{rel}","templated":true}]}}