{"id":6328,"date":"2020-09-21T13:21:26","date_gmt":"2020-09-21T11:21:26","guid":{"rendered":"https:\/\/prolitteris.ch\/wp_update2020\/?page_id=6328"},"modified":"2025-07-09T11:54:41","modified_gmt":"2025-07-09T09:54:41","slug":"rente-vieillesse","status":"publish","type":"page","link":"https:\/\/prolitteris.ch\/fr\/aide-sociale\/rente-vieillesse\/","title":{"rendered":"Rente-vieillesse"},"content":{"rendered":"<p>Les auteurs ont droit \u00e0 une rente s&#8217;ils ont \u00e9t\u00e9 affili\u00e9s pendant 10 ans et ont re\u00e7u une r\u00e9mun\u00e9ration d&#8217;au moins CHF 1 000 lorsqu&#8217;ils ont atteint l&#8217;\u00e2ge de la retraite AVS ou avant leurs 70 ans. La rente-vieillesse est calcul\u00e9e sur la base de la somme de toutes les indemnit\u00e9s ProLitteris et des revenus d\u00e9clar\u00e9s annuellement et soumis \u00e0 l&#8217;imp\u00f4t f\u00e9d\u00e9ral direct. Si le revenu imposable de l&#8217;imp\u00f4t f\u00e9d\u00e9ral direct est sup\u00e9rieur \u00e0 CHF 50 000 pour une personne impos\u00e9e seule ou \u00e0 CHF 66 667 pour une personne impos\u00e9e conjointement, il n&#8217;y a pas de droit \u00e0 la rente dans l&#8217;ann\u00e9e de calcul.<\/p>\n<p>Chaque ann\u00e9e en octobre, l&#8217;\u00e9quipe du service social envoie une demande de renseignements aux membres de la coop\u00e9rative afin de d\u00e9terminer s&#8217;ils ont droit \u00e0 une rente l&#8217;ann\u00e9e suivante. La demande est envoy\u00e9e par e-mail ou, exceptionnellement, par courrier, si ce mode de communication est indiqu\u00e9 dans le profil du membre.<\/p>\n","protected":false},"excerpt":{"rendered":"<p>Les auteurs ont droit \u00e0 une rente s&#8217;ils ont \u00e9t\u00e9 affili\u00e9s pendant 10 ans et ont re\u00e7u une r\u00e9mun\u00e9ration d&#8217;au moins CHF 1 000 lorsqu&#8217;ils ont atteint l&#8217;\u00e2ge de la retraite AVS ou avant leurs 70 ans. La rente-vieillesse est calcul\u00e9e sur la base de la somme de toutes les indemnit\u00e9s ProLitteris et des revenus<\/p>\n","protected":false},"author":10,"featured_media":0,"parent":6324,"menu_order":0,"comment_status":"closed","ping_status":"closed","template":"","meta":{"_acf_changed":false,"_relevanssi_hide_post":"","_relevanssi_hide_content":"","_relevanssi_pin_for_all":"","_relevanssi_pin_keywords":"","_relevanssi_unpin_keywords":"","_relevanssi_related_keywords":"","_relevanssi_related_include_ids":"","_relevanssi_related_exclude_ids":"","_relevanssi_related_no_append":"","_relevanssi_related_not_related":"","_relevanssi_related_posts":"20961,19563,7464,21568,20175,18764","_relevanssi_noindex_reason":"","footnotes":""},"class_list":["post-6328","page","type-page","status-publish","hentry"],"acf":[],"_links":{"self":[{"href":"https:\/\/prolitteris.ch\/fr\/wp-json\/wp\/v2\/pages\/6328","targetHints":{"allow":["GET"]}}],"collection":[{"href":"https:\/\/prolitteris.ch\/fr\/wp-json\/wp\/v2\/pages"}],"about":[{"href":"https:\/\/prolitteris.ch\/fr\/wp-json\/wp\/v2\/types\/page"}],"author":[{"embeddable":true,"href":"https:\/\/prolitteris.ch\/fr\/wp-json\/wp\/v2\/users\/10"}],"replies":[{"embeddable":true,"href":"https:\/\/prolitteris.ch\/fr\/wp-json\/wp\/v2\/comments?post=6328"}],"version-history":[{"count":0,"href":"https:\/\/prolitteris.ch\/fr\/wp-json\/wp\/v2\/pages\/6328\/revisions"}],"up":[{"embeddable":true,"href":"https:\/\/prolitteris.ch\/fr\/wp-json\/wp\/v2\/pages\/6324"}],"wp:attachment":[{"href":"https:\/\/prolitteris.ch\/fr\/wp-json\/wp\/v2\/media?parent=6328"}],"curies":[{"name":"wp","href":"https:\/\/api.w.org\/{rel}","templated":true}]}}