{"id":6334,"date":"2020-09-21T13:24:00","date_gmt":"2020-09-21T11:24:00","guid":{"rendered":"https:\/\/prolitteris.ch\/wp_update2020\/?page_id=6334"},"modified":"2025-07-09T12:36:37","modified_gmt":"2025-07-09T10:36:37","slug":"demandes-de-contribution","status":"publish","type":"page","link":"https:\/\/prolitteris.ch\/fr\/promotion-culturelle\/demandes-de-contribution\/","title":{"rendered":"Demandes de contribution"},"content":{"rendered":"\n<p>Le conseil de la fondation accepte les demandes par e-mail. Il y a deux dates limites de d\u00e9p\u00f4t des demandes par an.<\/p>\n\n\n\n<p>Date limite de d\u00e9p\u00f4t : 1er f\u00e9vrier.<br>La demande est \u00e9valu\u00e9e en mars. Le projet doit \u00eatre r\u00e9alis\u00e9 au plus t\u00f4t \u00e0 l&#8217;automne de l&#8217;ann\u00e9e en cours.<\/p>\n\n\n\n<p>Date limite de d\u00e9p\u00f4t : 1er octobre<br>La demande est \u00e9valu\u00e9e en novembre. Le projet doit \u00eatre r\u00e9alis\u00e9 l&#8217;ann\u00e9e suivante.<\/p>\n\n\n\n<p>Conditions:<\/p>\n\n\n\n<ul class=\"wp-block-list\">\n<li>La demande doit provenir d&#8217;une organisation (institutions, associations; pas de particuliers).<\/li>\n\n\n\n<li>La demande doit concerner un projet qui sera r\u00e9alis\u00e9 \u00e0 l&#8217;avenir.<\/li>\n\n\n\n<li>La demande concerne le texte ou l&#8217;image, c&#8217;est-\u00e0-dire la litt\u00e9rature, les arts visuels ou la photographie.<\/li>\n<\/ul>\n\n\n\n<p>Sont exclus:<\/p>\n\n\n\n<ul class=\"wp-block-list\">\n<li>Les contributions pour des artistes individuels.<\/li>\n\n\n\n<li>Les contributions pour des \u0153uvres sp\u00e9cifiques.<\/li>\n\n\n\n<li>Les contributions pour le fonctionnement d&#8217;une organisation.<\/li>\n<\/ul>\n\n\n\n<p>Nous ne traitons que les demandes soumises sous la forme d&#8217;un document unique au format PDF. Le fichier peut comporter jusqu&#8217;\u00e0 5 pages et peser au maximum 10 MB. Les pi\u00e8ces jointes suppl\u00e9mentaires ne seront pas prises en compte.<\/p>\n\n\n\n<p>La demande doit contenir :<\/p>\n\n\n\n<ul class=\"wp-block-list\">\n<li>Le budget (y compris le paiement des prestations cr\u00e9atives des artistes).<\/li>\n\n\n\n<li>Le plan de financement (y compris la part de ProLitteris).<\/li>\n\n\n\n<li>Lien avec ProLitteris (texte\/image, paternit\u00e9\/droit d&#8217;auteur, conditions g\u00e9n\u00e9rales\/exploitation).<\/li>\n<\/ul>\n\n\n\n<p>ProLitteris a soutenu les projets et organisations suivants (s\u00e9lection) :<\/p>\n\n\n\n<ul class=\"wp-block-list\">\n<li>Verzasca Foto, Fotofestival<\/li>\n\n\n\n<li>DOCK, Kunst Raum Basel<\/li>\n\n\n\n<li>Respect copyright\u00a0\u00a0\u00a0\u00a0\u00a0 , Urheberrecht<\/li>\n\n\n\n<li>Lanterne Magique, Filmbildung f\u00fcr 6- bis 12-J\u00e4hrige<\/li>\n\n\n\n<li>Abraxas, Kinder-und Jugendliteraturfestival<\/li>\n\n\n\n<li>Femme Artist Table, Ausstellungen<\/li>\n\n\n\n<li>Cellules Po\u00e9tiques, Po\u00e9sie Festival Martigny<\/li>\n\n\n\n<li>Verein &#8220;Die Predigt&#8221; Luzern, Reihe weltliche Predigten\/Spoken Word<\/li>\n\n\n\n<li>Lettere Valposchiavo, Literaturveranstaltungen<\/li>\n\n\n\n<li>Ensemble Tzara, F\u00e4lschung und Kopie Kunstprojekt<\/li>\n\n\n\n<li>Association Magica Opalini\u00a0 Canale Milva, Kunstausstellungen mit Musik<\/li>\n\n\n\n<li>Spazio Lampo Chiasso, Progetto Vetrina<\/li>\n\n\n\n<li>Festival Cit\u00e9 Lausanne, Festival Lausanne<\/li>\n\n\n\n<li>Literarischer Herbst Gstaad, Literaturfestival<\/li>\n\n\n\n<li>Chambre dir\u00e8cte, Schubiger<\/li>\n\n\n\n<li>Verein Plattform, Plattform 21, Masi Lugano<\/li>\n\n\n\n<li>Babel Festival, Literaturfestival<\/li>\n\n\n\n<li>Ass. Sgomento, Ausstellungszyklus in Renens und Z\u00fcrich<\/li>\n\n\n\n<li>Orbit, Kunstinstallationen<\/li>\n\n\n\n<li>Via Egnatia Z\u00fcrich, I am not alone, Schriftsteller*innen\/Musiker auf Tourn\u00e9e<\/li>\n\n\n\n<li>Eventi Letterari, Literaturfestival Mont\u00e9 Verit\u00e0<\/li>\n\n\n\n<li>Literaturfestival Leukerbad, Literaturfestival<\/li>\n\n\n\n<li>AdS, Symposium f\u00fcr literarisches \u00dcbersetzen<\/li>\n\n\n\n<li>Z\u00fcrich liest, Literaturfestival im Oktober<\/li>\n\n\n\n<li>Biennale dell&#8217;immagine, Chiasso<\/li>\n\n\n\n<li>Schmalz &amp; Gombas, Zeig mir deinen Koffer, Schaffhausen<\/li>\n\n\n\n<li>AdS, Liber Events, Schweizerische Autor*innen<\/li>\n\n\n\n<li>SIK-ISEA, Erhebungsmethode f\u00fcr SIKART Lexikon und Schweizerisches Kunstarchiv<\/li>\n\n\n\n<li>Krimi Schweiz, Krimifestival in Grenchen<\/li>\n\n\n\n<li>Literaturtage Zofingen<\/li>\n\n\n\n<li>Literaturgesellschaft Luzern, Veranstaltungen<\/li>\n\n\n\n<li>Dis da litteratura, r\u00e4toromanische Literaturtage<\/li>\n\n\n\n<li>BergBuchBrig, Multimediafestival<\/li>\n\n\n\n<li>Aprillen, 9. Berner Lesefeste<\/li>\n\n\n\n<li>Lumpen Station Biel, Supermarket Art Fair<\/li>\n\n\n\n<li>Pressezeichner, Gezeichnet<\/li>\n\n\n\n<li>Soundscapes.live, Literaturhaus Z\u00fcrich<\/li>\n\n\n\n<li>Sogar Theater Z\u00fcrich, Wortknall, Online Festival<\/li>\n\n\n\n<li>Sonohr, Radio &amp; Podcast Festival<\/li>\n\n\n\n<li>Ass. Mille fois le temps, Festival litt\u00e9raire<\/li>\n\n\n\n<li>Weiter Schreiben Schweiz\u00a0\u00a0\u00a0 Autor*innen im Exil und in der Schweiz<\/li>\n\n\n\n<li>Musicbistrot Bern, Leseb\u00fchne Rauschdichten (Spoken Word)<\/li>\n\n\n\n<li>Literaare, Thuner Literaturfestival<\/li>\n\n\n\n<li>Eutropia, Ausstellung mit Schweizer und chinesischen K\u00fcnstlern<\/li>\n\n\n\n<li>Studie Ecoplan, Abkl\u00e4rung der wirtschaftlichen Lage im Kultursektor<\/li>\n\n\n\n<li>sic! Zeitschrift f\u00fcr Immaterialg\u00fcterrecht, Sponsoring<\/li>\n<\/ul>\n","protected":false},"excerpt":{"rendered":"<p>Le conseil de la fondation accepte les demandes par e-mail. Il y a deux dates limites de d\u00e9p\u00f4t des demandes par an. Date limite de d\u00e9p\u00f4t : 1er f\u00e9vrier.La demande est \u00e9valu\u00e9e en mars. Le projet doit \u00eatre r\u00e9alis\u00e9 au plus t\u00f4t \u00e0 l&#8217;automne de l&#8217;ann\u00e9e en cours. Date limite de d\u00e9p\u00f4t : 1er octobreLa<\/p>\n","protected":false},"author":10,"featured_media":0,"parent":6332,"menu_order":0,"comment_status":"closed","ping_status":"closed","template":"","meta":{"_acf_changed":false,"_relevanssi_hide_post":"","_relevanssi_hide_content":"","_relevanssi_pin_for_all":"","_relevanssi_pin_keywords":"","_relevanssi_unpin_keywords":"","_relevanssi_related_keywords":"","_relevanssi_related_include_ids":"","_relevanssi_related_exclude_ids":"","_relevanssi_related_no_append":"","_relevanssi_related_not_related":"","_relevanssi_related_posts":"25786,18697,19342,20175,6825,20412","_relevanssi_noindex_reason":"","footnotes":""},"class_list":["post-6334","page","type-page","status-publish","hentry"],"acf":[],"_links":{"self":[{"href":"https:\/\/prolitteris.ch\/fr\/wp-json\/wp\/v2\/pages\/6334","targetHints":{"allow":["GET"]}}],"collection":[{"href":"https:\/\/prolitteris.ch\/fr\/wp-json\/wp\/v2\/pages"}],"about":[{"href":"https:\/\/prolitteris.ch\/fr\/wp-json\/wp\/v2\/types\/page"}],"author":[{"embeddable":true,"href":"https:\/\/prolitteris.ch\/fr\/wp-json\/wp\/v2\/users\/10"}],"replies":[{"embeddable":true,"href":"https:\/\/prolitteris.ch\/fr\/wp-json\/wp\/v2\/comments?post=6334"}],"version-history":[{"count":0,"href":"https:\/\/prolitteris.ch\/fr\/wp-json\/wp\/v2\/pages\/6334\/revisions"}],"up":[{"embeddable":true,"href":"https:\/\/prolitteris.ch\/fr\/wp-json\/wp\/v2\/pages\/6332"}],"wp:attachment":[{"href":"https:\/\/prolitteris.ch\/fr\/wp-json\/wp\/v2\/media?parent=6334"}],"curies":[{"name":"wp","href":"https:\/\/api.w.org\/{rel}","templated":true}]}}