{"id":6336,"date":"2020-09-21T13:24:45","date_gmt":"2020-09-21T11:24:45","guid":{"rendered":"https:\/\/prolitteris.ch\/wp_update2020\/?page_id=6336"},"modified":"2025-07-18T15:38:29","modified_gmt":"2025-07-18T13:38:29","slug":"prix-prolitteris","status":"publish","type":"page","link":"https:\/\/prolitteris.ch\/fr\/promotion-culturelle\/prix-prolitteris\/","title":{"rendered":"Prix ProLitteris"},"content":{"rendered":"<p>Depuis 2012, le Fonds culturel d\u00e9cerne le prix ProLitteris pour des r\u00e9alisations exceptionnelles dans le domaine de la litt\u00e9rature et de l&#8217;art. Le prix couvre alternativement la litt\u00e9rature, les arts visuels et la photographie, le journalisme et l&#8217;\u00e9dition. Il n\u2019est pas possible de candidater. Le laur\u00e9at du prix principal (CHF 40 000) est s\u00e9lectionn\u00e9 par un jury ind\u00e9pendant. Le jury est compos\u00e9 de personnalit\u00e9s issues des domaines respectifs. Le laur\u00e9at principal s\u00e9lectionne ensuite laur\u00e9at du prix d\u2019encouragement (CHF 10 000).<\/p>\n<p>Les pr\u00e9c\u00e9dents laur\u00e9ats sont :<\/p>\n<p>2025 : Klaudia Schifferle, Sveta Mordovskaya (arts visuels)<br \/>\n2024 : Sasha Filipenko, Maud Mabillard (litt\u00e9rature)<br \/>\n2023 : Limmat Verlag, Der gesunde Menschenversand (\u00e9dition)<br \/>\n2022 : Ekaterina Glikman, Federico Franchini (journalisme)<br \/>\n2021 : Hinrich Sachs, Axelle Stiefel (arts visuels)<br \/>\n2020 : Melitta Breznik, Janosch Steuwer (litt\u00e9rature)<br \/>\n2019 : La Joie de lire, Marameo (\u00e9dition)<br \/>\n2018 : Alain Campiotti, Anja Conzett (journalisme)<br \/>\n2017 : Marie Jos\u00e9 Burki, Livia di Giovanna (arts visuels)<br \/>\n2016 : Markus Werner, Christoph Simon (litt\u00e9rature)<br \/>\n2015 : Unionsverlag, D\u00f6rlemann Verlag (\u00e9dition)<br \/>\n2014 : Al Imfeld, Viktor Parma, Oliver Classen (journalisme)<br \/>\n2013 : Alain Huck, Gilles Furtw\u00e4ngler (arts visuels)<br \/>\n2012 : Mariella Mehr, Ingeborg Kaiser (litt\u00e9rature)<\/p>\n","protected":false},"excerpt":{"rendered":"<p>Depuis 2012, le Fonds culturel d\u00e9cerne le prix ProLitteris pour des r\u00e9alisations exceptionnelles dans le domaine de la litt\u00e9rature et de l&#8217;art. Le prix couvre alternativement la litt\u00e9rature, les arts visuels et la photographie, le journalisme et l&#8217;\u00e9dition. Il n\u2019est pas possible de candidater. Le laur\u00e9at du prix principal (CHF 40 000) est s\u00e9lectionn\u00e9 par<\/p>\n","protected":false},"author":10,"featured_media":0,"parent":6332,"menu_order":0,"comment_status":"closed","ping_status":"closed","template":"","meta":{"_acf_changed":false,"_relevanssi_hide_post":"","_relevanssi_hide_content":"","_relevanssi_pin_for_all":"","_relevanssi_pin_keywords":"","_relevanssi_unpin_keywords":"","_relevanssi_related_keywords":"","_relevanssi_related_include_ids":"","_relevanssi_related_exclude_ids":"","_relevanssi_related_no_append":"","_relevanssi_related_not_related":"","_relevanssi_related_posts":"18697,20961,5813,25891,19342,20175","_relevanssi_noindex_reason":"","footnotes":""},"class_list":["post-6336","page","type-page","status-publish","hentry"],"acf":[],"_links":{"self":[{"href":"https:\/\/prolitteris.ch\/fr\/wp-json\/wp\/v2\/pages\/6336","targetHints":{"allow":["GET"]}}],"collection":[{"href":"https:\/\/prolitteris.ch\/fr\/wp-json\/wp\/v2\/pages"}],"about":[{"href":"https:\/\/prolitteris.ch\/fr\/wp-json\/wp\/v2\/types\/page"}],"author":[{"embeddable":true,"href":"https:\/\/prolitteris.ch\/fr\/wp-json\/wp\/v2\/users\/10"}],"replies":[{"embeddable":true,"href":"https:\/\/prolitteris.ch\/fr\/wp-json\/wp\/v2\/comments?post=6336"}],"version-history":[{"count":0,"href":"https:\/\/prolitteris.ch\/fr\/wp-json\/wp\/v2\/pages\/6336\/revisions"}],"up":[{"embeddable":true,"href":"https:\/\/prolitteris.ch\/fr\/wp-json\/wp\/v2\/pages\/6332"}],"wp:attachment":[{"href":"https:\/\/prolitteris.ch\/fr\/wp-json\/wp\/v2\/media?parent=6336"}],"curies":[{"name":"wp","href":"https:\/\/api.w.org\/{rel}","templated":true}]}}