{"id":6416,"date":"2020-09-21T17:20:48","date_gmt":"2020-09-21T15:20:48","guid":{"rendered":"https:\/\/prolitteris.ch\/wp_update2020\/?page_id=6416"},"modified":"2022-11-22T10:20:56","modified_gmt":"2022-11-22T09:20:56","slug":"a-propos-de-prolitteris","status":"publish","type":"page","link":"https:\/\/prolitteris.ch\/fr\/a-propos-de-prolitteris\/","title":{"rendered":"\u00c0 propos de ProLitteris"},"content":{"rendered":"<p>ProLitteris g\u00e8re des droits selon la loi sur le droit d&#8217;auteur (LDA) en Suisse et \u00e0 l&#8217;\u00e9tranger. Nous sommes la soci\u00e9t\u00e9 de gestion officielle pour les redevances de copie et autres droits d&#8217;auteur. Nous d\u00e9finissons et n\u00e9gocions les tarifs et r\u00e9partissons les recettes entre les auteurs, les \u00e9diteurs, les artistes, les photographes et les autres ayants droit. ProLitteris est une coop\u00e9rative qui emploie 30 personnes et compte 15000 membres (auteurs de textes, auteurs d&#8217;images, \u00e9diteurs et h\u00e9ritiers d&#8217;auteurs).<\/p>\n<p>Comme toutes les soci\u00e9t\u00e9s de gestion collective, nous travaillons sans profit. Nous assurons une administration correcte, efficace et transparente.<\/p>\n","protected":false},"excerpt":{"rendered":"<p>ProLitteris g\u00e8re des droits selon la loi sur le droit d&#8217;auteur (LDA) en Suisse et \u00e0 l&#8217;\u00e9tranger. Nous sommes la soci\u00e9t\u00e9 de gestion officielle pour les redevances de copie et autres droits d&#8217;auteur. Nous d\u00e9finissons et n\u00e9gocions les tarifs et r\u00e9partissons les recettes entre les auteurs, les \u00e9diteurs, les artistes, les photographes et les autres<\/p>\n","protected":false},"author":10,"featured_media":0,"parent":0,"menu_order":0,"comment_status":"closed","ping_status":"closed","template":"","meta":{"_acf_changed":false,"_relevanssi_hide_post":"","_relevanssi_hide_content":"","_relevanssi_pin_for_all":"","_relevanssi_pin_keywords":"","_relevanssi_unpin_keywords":"","_relevanssi_related_keywords":"","_relevanssi_related_include_ids":"","_relevanssi_related_exclude_ids":"","_relevanssi_related_no_append":"","_relevanssi_related_not_related":"","_relevanssi_related_posts":"18697,19342,5813,7464,19563,18764","_relevanssi_noindex_reason":"","footnotes":""},"class_list":["post-6416","page","type-page","status-publish","hentry"],"acf":[],"_links":{"self":[{"href":"https:\/\/prolitteris.ch\/fr\/wp-json\/wp\/v2\/pages\/6416","targetHints":{"allow":["GET"]}}],"collection":[{"href":"https:\/\/prolitteris.ch\/fr\/wp-json\/wp\/v2\/pages"}],"about":[{"href":"https:\/\/prolitteris.ch\/fr\/wp-json\/wp\/v2\/types\/page"}],"author":[{"embeddable":true,"href":"https:\/\/prolitteris.ch\/fr\/wp-json\/wp\/v2\/users\/10"}],"replies":[{"embeddable":true,"href":"https:\/\/prolitteris.ch\/fr\/wp-json\/wp\/v2\/comments?post=6416"}],"version-history":[{"count":0,"href":"https:\/\/prolitteris.ch\/fr\/wp-json\/wp\/v2\/pages\/6416\/revisions"}],"wp:attachment":[{"href":"https:\/\/prolitteris.ch\/fr\/wp-json\/wp\/v2\/media?parent=6416"}],"curies":[{"name":"wp","href":"https:\/\/api.w.org\/{rel}","templated":true}]}}