{"id":6418,"date":"2020-09-21T17:23:00","date_gmt":"2020-09-21T15:23:00","guid":{"rendered":"https:\/\/prolitteris.ch\/wp_update2020\/?page_id=6418"},"modified":"2024-06-21T18:10:41","modified_gmt":"2024-06-21T16:10:41","slug":"activite","status":"publish","type":"page","link":"https:\/\/prolitteris.ch\/fr\/a-propos-de-prolitteris\/activite\/","title":{"rendered":"Activit\u00e9"},"content":{"rendered":"<p>ProLitteris g\u00e8re les droits d&#8217;auteur sur les textes et les images. L&#8217;activit\u00e9 de ProLitteris est bas\u00e9e sur :<\/p>\n<ul>\n<li>la <a href=\"https:\/\/www.admin.ch\/opc\/fr\/classified-compilation\/19920251\/index.html\" target=\"_blank\" rel=\"noopener noreferrer\">loi sur le droit d&#8217;auteur (LDA)<\/a>,<\/li>\n<li>l&#8217;approbation de l&#8217;Institut f\u00e9d\u00e9ral de la propri\u00e9t\u00e9 intellectuelle (IPI)<\/li>\n<li>les tarifs communs officiels,<\/li>\n<li>le Tarif Art,<\/li>\n<li>le r\u00e8glement de r\u00e9partition,<\/li>\n<li>les statuts de ProLitteris.<\/li>\n<\/ul>\n<p>La gestion de ProLitteris est soumise \u00e0 la surveillance de l&#8217;<a href=\"https:\/\/www.ige.ch\/fr\/\" target=\"_blank\" rel=\"noopener noreferrer\">Institut F\u00e9d\u00e9ral de la Propri\u00e9t\u00e9 Intellectuelle (IPI)<\/a>. Les tarifs des soci\u00e9t\u00e9s de gestion collective sont approuv\u00e9s par la <a href=\"https:\/\/www.eschk.admin.ch\/fr\" target=\"_blank\" rel=\"noopener noreferrer\">Commission arbitrale f\u00e9d\u00e9rale (CAS)<\/a>. L\u2019aide sociale et la promotion culturelle sont soumises \u00e0 la surveillance de la Fondation du canton de Zurich. Les comptes annuels de la coop\u00e9rative et des fondations sont v\u00e9rifi\u00e9s par nos auditeurs.<\/p>\n<p>ProLitteris est une coop\u00e9rative d&#8217;auteurs et d&#8217;\u00e9diteurs de textes et d&#8217;images fond\u00e9e en 1974. Elle est active en Suisse et dans la Principaut\u00e9 du Liechtenstein. Notre fondement est la loi sur le droit d&#8217;auteur de la Suisse et la loi sur le droit d&#8217;auteur de la Principaut\u00e9 du Liechtenstein. En tant que soci\u00e9t\u00e9 de gestion collective, nous coop\u00e9rons avec les autres soci\u00e9t\u00e9s de gestion collective suisses et avec des organisations \u00e0 l&#8217;\u00e9tranger. Nos revenus proviennent des redevances l\u00e9galement pr\u00e9vues (vers\u00e9es par les \u00e9coles, les organisations, etc.) et de l&#8217;exploitation collective d&#8217;autres droits. Nous distribuons tous les revenus aux ayants droit, apr\u00e8s d\u00e9duction des frais sociaux et culturels et des frais d&#8217;administration.<\/p>\n","protected":false},"excerpt":{"rendered":"<p>ProLitteris g\u00e8re les droits d&#8217;auteur sur les textes et les images. L&#8217;activit\u00e9 de ProLitteris est bas\u00e9e sur : la loi sur le droit d&#8217;auteur (LDA), l&#8217;approbation de l&#8217;Institut f\u00e9d\u00e9ral de la propri\u00e9t\u00e9 intellectuelle (IPI) les tarifs communs officiels, le Tarif Art, le r\u00e8glement de r\u00e9partition, les statuts de ProLitteris. La gestion de ProLitteris est soumise<\/p>\n","protected":false},"author":10,"featured_media":0,"parent":6416,"menu_order":0,"comment_status":"closed","ping_status":"closed","template":"","meta":{"_acf_changed":false,"_relevanssi_hide_post":"","_relevanssi_hide_content":"","_relevanssi_pin_for_all":"","_relevanssi_pin_keywords":"","_relevanssi_unpin_keywords":"","_relevanssi_related_keywords":"","_relevanssi_related_include_ids":"","_relevanssi_related_exclude_ids":"","_relevanssi_related_no_append":"","_relevanssi_related_not_related":"","_relevanssi_related_posts":"","_relevanssi_noindex_reason":"","footnotes":""},"class_list":["post-6418","page","type-page","status-publish","hentry"],"acf":[],"_links":{"self":[{"href":"https:\/\/prolitteris.ch\/fr\/wp-json\/wp\/v2\/pages\/6418","targetHints":{"allow":["GET"]}}],"collection":[{"href":"https:\/\/prolitteris.ch\/fr\/wp-json\/wp\/v2\/pages"}],"about":[{"href":"https:\/\/prolitteris.ch\/fr\/wp-json\/wp\/v2\/types\/page"}],"author":[{"embeddable":true,"href":"https:\/\/prolitteris.ch\/fr\/wp-json\/wp\/v2\/users\/10"}],"replies":[{"embeddable":true,"href":"https:\/\/prolitteris.ch\/fr\/wp-json\/wp\/v2\/comments?post=6418"}],"version-history":[{"count":0,"href":"https:\/\/prolitteris.ch\/fr\/wp-json\/wp\/v2\/pages\/6418\/revisions"}],"up":[{"embeddable":true,"href":"https:\/\/prolitteris.ch\/fr\/wp-json\/wp\/v2\/pages\/6416"}],"wp:attachment":[{"href":"https:\/\/prolitteris.ch\/fr\/wp-json\/wp\/v2\/media?parent=6418"}],"curies":[{"name":"wp","href":"https:\/\/api.w.org\/{rel}","templated":true}]}}