{"id":6507,"date":"2020-09-28T11:28:52","date_gmt":"2020-09-28T09:28:52","guid":{"rendered":"https:\/\/prolitteris.ch\/wp_update2020\/?page_id=6507"},"modified":"2024-03-05T10:04:50","modified_gmt":"2024-03-05T09:04:50","slug":"redevances-de-la-ssr-etc","status":"publish","type":"page","link":"https:\/\/prolitteris.ch\/fr\/organismes-de-diffusion\/redevances-de-la-ssr-etc\/","title":{"rendered":"Redevances de la SSR"},"content":{"rendered":"<p>ProLitteris re\u00e7oit des informations sur les \u0153uvres qu&#8217;elle diffuse. En fonction du type d&#8217;utilisation et du nombre de minutes, ProLitteris calcule la r\u00e9mun\u00e9ration des ayants droit.<\/p>\n<p>Il faut distinguer la r\u00e9partition Audio (redevances des organismes de diffusion) de la r\u00e9partition Broadcast (retransmission des programmes des organismes de diffusion).<\/p>\n","protected":false},"excerpt":{"rendered":"<p>ProLitteris re\u00e7oit des informations sur les \u0153uvres qu&#8217;elle diffuse. En fonction du type d&#8217;utilisation et du nombre de minutes, ProLitteris calcule la r\u00e9mun\u00e9ration des ayants droit. Il faut distinguer la r\u00e9partition Audio (redevances des organismes de diffusion) de la r\u00e9partition Broadcast (retransmission des programmes des organismes de diffusion).<\/p>\n","protected":false},"author":4,"featured_media":0,"parent":501,"menu_order":0,"comment_status":"closed","ping_status":"closed","template":"","meta":{"_acf_changed":false,"_relevanssi_hide_post":"","_relevanssi_hide_content":"","_relevanssi_pin_for_all":"","_relevanssi_pin_keywords":"","_relevanssi_unpin_keywords":"","_relevanssi_related_keywords":"","_relevanssi_related_include_ids":"","_relevanssi_related_exclude_ids":"","_relevanssi_related_no_append":"","_relevanssi_related_not_related":"","_relevanssi_related_posts":"","_relevanssi_noindex_reason":"","footnotes":""},"class_list":["post-6507","page","type-page","status-publish","hentry"],"acf":[],"_links":{"self":[{"href":"https:\/\/prolitteris.ch\/fr\/wp-json\/wp\/v2\/pages\/6507","targetHints":{"allow":["GET"]}}],"collection":[{"href":"https:\/\/prolitteris.ch\/fr\/wp-json\/wp\/v2\/pages"}],"about":[{"href":"https:\/\/prolitteris.ch\/fr\/wp-json\/wp\/v2\/types\/page"}],"author":[{"embeddable":true,"href":"https:\/\/prolitteris.ch\/fr\/wp-json\/wp\/v2\/users\/4"}],"replies":[{"embeddable":true,"href":"https:\/\/prolitteris.ch\/fr\/wp-json\/wp\/v2\/comments?post=6507"}],"version-history":[{"count":0,"href":"https:\/\/prolitteris.ch\/fr\/wp-json\/wp\/v2\/pages\/6507\/revisions"}],"up":[{"embeddable":true,"href":"https:\/\/prolitteris.ch\/fr\/wp-json\/wp\/v2\/pages\/501"}],"wp:attachment":[{"href":"https:\/\/prolitteris.ch\/fr\/wp-json\/wp\/v2\/media?parent=6507"}],"curies":[{"name":"wp","href":"https:\/\/api.w.org\/{rel}","templated":true}]}}