{"id":6517,"date":"2020-09-28T12:03:31","date_gmt":"2020-09-28T10:03:31","guid":{"rendered":"https:\/\/prolitteris.ch\/wp_update2020\/?page_id=6517"},"modified":"2025-05-14T12:57:41","modified_gmt":"2025-05-14T10:57:41","slug":"liste-des-artistes","status":"publish","type":"page","link":"https:\/\/prolitteris.ch\/fr\/liste-des-artistes\/","title":{"rendered":"Liste des artistes"},"content":{"rendered":"<p>Pour la recherche des artistes (monde entier) dont les droits sont g\u00e9r\u00e9s par ProLitteris, les deux catalogues suivants de nos soci\u00e9t\u00e9s s\u0153urs sont \u00e0 votre disposition:<\/p>\n<p>Si l&#8217;artiste se trouve dans l&#8217;un des deux r\u00e9pertoires, il n&#8217;est pas n\u00e9cessaire de consulter l&#8217;autre r\u00e9pertoire. En cas d&#8217;incertitude quant \u00e0 l&#8217;appartenance des \u0153uvres d&#8217;un artiste au r\u00e9pertoire de ProLitteris, vous pouvez contacter Team Art (<a href=\"mailto:art@prolitteris.ch\">art@prolitteris.ch<\/a>).<\/p>\n<p><a href=\"https:\/\/www.bildkunst.de\/lizenzen\/bildrechte_klaeren\/kuenstlersuche\/\" target=\"_blank\" rel=\"noopener noreferrer\">VG Bild-Kunst (allemand)<\/a>*<br \/>\n*Merci de bien vouloir en prendre note que ProLitteris g\u00e8re aussi les droits de Alberto Giacometti, Erich Heckel, Max Pechstein et Andy Warhol qui ne figurent pas sur le site web de VG Bild-Kunst<\/p>\n<p><a href=\"http:\/\/www.adagp.fr\/fr\/repertoire-des-artistes\" target=\"_blank\" rel=\"noopener\">ADAGP (fran\u00e7ais \/ anglais)<\/a>*<br \/>\n*Merci de bien vouloir en prendre note que ProLitteris g\u00e8re aussi les droits de Henri Matisse et Pablo Picasso qui ne figurent pas sur le site web de l\u2019ADAGP<\/p>\n<p>Un projet d\u2019inventaire exhaustif r\u00e9pertoriant les auteurs issus de tous les domaines de gestion (image, texte, musique, film, etc.) a \u00e9t\u00e9 mis sur pied par la CISAC, l\u2019organisation fa\u00eeti\u00e8res des soci\u00e9t\u00e9s de gestion. Dans ce contexte, ProLitteris pr\u00e9voit elle aussi de mettre en ligne son propre catalogue de recherche d\u2019artistes.<\/p>\n<p>ProLitteris collabore avec l\u2019Institut suisse pour l\u2019\u00e9tude de l\u2019art (ISEA) dans le but de simplifier la proc\u00e9dure d\u2019octroi des droits lors de l\u2019utilisation d\u2019\u0153uvres des arts plastiques sur Internet.<\/p>\n<p>Sur le site de l\u2019ISEA (<a href=\"http:\/\/www.sikart.ch\/\" target=\"_blank\" rel=\"noopener noreferrer\">www.sikart.ch<\/a>), il est possible de rechercher des images de telles \u0153uvres pour les consulter \u00e0 l\u2019\u00e9cran sur son propre ordinateur. Le site en question contient \u00e9galement des informations concernant l\u2019artiste, respectivement ses \u0153uvres. Les deux soci\u00e9t\u00e9s envisagent pour le futur de mettre \u00e0 disposition sur le site de l\u2019ISEA des images num\u00e9riques \u00e0 t\u00e9l\u00e9charger moyennant paiement.<\/p>\n<p>ProLitteris entretient des contrats de r\u00e9ciprocit\u00e9 avec les soci\u00e9t\u00e9s de droits d\u2019auteur suivantes et repr\u00e9sente de la sorte les droits de leurs membres des arts plastiques sur le territoire suisse.<\/p>\n<p>Argentine: SAVA<br \/>\nAustralie\/Nouvelle-Z\u00e9lande: Copyright Agency<br \/>\nBelgique: SABAM<br \/>\nBelgique: SOFAM<br \/>\nBr\u00e9sil: AUTVIS<br \/>\nChili: CREAIMAGEN<br \/>\nDanemark: Visda<br \/>\nAllemagne: VG BILD-KUNST<br \/>\nEstonie: EA\u00dc<br \/>\nFinlande: KUVASTO<br \/>\nFrance: ADAGP, SAIF<br \/>\nGrande-Bretagne: DACS<br \/>\nHollande: PICTORIGHT<br \/>\nIrlande: IVARO<br \/>\nItalie: SIAE<br \/>\nJapon: JASPAR<br \/>\nCanada: CARCC (COVA-DAAV)<br \/>\nCor\u00e9e: SACK<br \/>\nLettonie: LAA<br \/>\nLituanie: LATGA-A<br \/>\nMexique: SOMAAP<br \/>\nNorv\u00e8ge: BONO<br \/>\nAutriche: BILDRECHT<br \/>\nP\u00e9rou: APSAV<br \/>\nPortugal: SPA<br \/>\nSu\u00e8de: Bildupphovsr\u00e4tt<br \/>\nSlovaquie: LITA<br \/>\nEspagne: VEGAP<br \/>\nAfrique du Sud: DALRO<br \/>\nTch\u00e8quie: OOA-S<br \/>\nHongrie: HUNGART<br \/>\nUruguay: AGADU<br \/>\nUSA: ARS<\/p>\n","protected":false},"excerpt":{"rendered":"<p>Pour la recherche des artistes (monde entier) dont les droits sont g\u00e9r\u00e9s par ProLitteris, les deux catalogues suivants de nos soci\u00e9t\u00e9s s\u0153urs sont \u00e0 votre disposition: Si l&#8217;artiste se trouve dans l&#8217;un des deux r\u00e9pertoires, il n&#8217;est pas n\u00e9cessaire de consulter l&#8217;autre r\u00e9pertoire. En cas d&#8217;incertitude quant \u00e0 l&#8217;appartenance des \u0153uvres d&#8217;un artiste au r\u00e9pertoire<\/p>\n","protected":false},"author":4,"featured_media":0,"parent":0,"menu_order":0,"comment_status":"closed","ping_status":"closed","template":"","meta":{"_acf_changed":false,"_relevanssi_hide_post":"","_relevanssi_hide_content":"","_relevanssi_pin_for_all":"","_relevanssi_pin_keywords":"","_relevanssi_unpin_keywords":"","_relevanssi_related_keywords":"","_relevanssi_related_include_ids":"","_relevanssi_related_exclude_ids":"","_relevanssi_related_no_append":"","_relevanssi_related_not_related":"","_relevanssi_related_posts":"20379,19836,18697,20961,7464,20175","_relevanssi_noindex_reason":"","footnotes":""},"class_list":["post-6517","page","type-page","status-publish","hentry"],"acf":[],"_links":{"self":[{"href":"https:\/\/prolitteris.ch\/fr\/wp-json\/wp\/v2\/pages\/6517","targetHints":{"allow":["GET"]}}],"collection":[{"href":"https:\/\/prolitteris.ch\/fr\/wp-json\/wp\/v2\/pages"}],"about":[{"href":"https:\/\/prolitteris.ch\/fr\/wp-json\/wp\/v2\/types\/page"}],"author":[{"embeddable":true,"href":"https:\/\/prolitteris.ch\/fr\/wp-json\/wp\/v2\/users\/4"}],"replies":[{"embeddable":true,"href":"https:\/\/prolitteris.ch\/fr\/wp-json\/wp\/v2\/comments?post=6517"}],"version-history":[{"count":0,"href":"https:\/\/prolitteris.ch\/fr\/wp-json\/wp\/v2\/pages\/6517\/revisions"}],"wp:attachment":[{"href":"https:\/\/prolitteris.ch\/fr\/wp-json\/wp\/v2\/media?parent=6517"}],"curies":[{"name":"wp","href":"https:\/\/api.w.org\/{rel}","templated":true}]}}