{"id":6523,"date":"2020-09-28T12:12:28","date_gmt":"2020-09-28T10:12:28","guid":{"rendered":"https:\/\/prolitteris.ch\/wp_update2020\/?page_id=6523"},"modified":"2020-09-28T12:12:28","modified_gmt":"2020-09-28T10:12:28","slug":"formulaire-de-demande-de-licence","status":"publish","type":"page","link":"https:\/\/prolitteris.ch\/fr\/formulaire-de-demande-de-licence\/","title":{"rendered":"Formulaire de demande de licence"},"content":{"rendered":"\n<div class=\"wpcf7 no-js\" id=\"wpcf7-f1865-o1\" lang=\"fr-FR\" dir=\"ltr\" data-wpcf7-id=\"1865\">\n<div class=\"screen-reader-response\"><p role=\"status\" aria-live=\"polite\" aria-atomic=\"true\"><\/p> <ul><\/ul><\/div>\n<form action=\"\/fr\/wp-json\/wp\/v2\/pages\/6523#wpcf7-f1865-o1\" method=\"post\" class=\"wpcf7-form init\" aria-label=\"Formulaire de contact\" enctype=\"multipart\/form-data\" novalidate=\"novalidate\" data-status=\"init\">\n<fieldset class=\"hidden-fields-container\"><input type=\"hidden\" name=\"_wpcf7\" value=\"1865\" \/><input type=\"hidden\" name=\"_wpcf7_version\" value=\"6.1.4\" \/><input type=\"hidden\" name=\"_wpcf7_locale\" value=\"fr_FR\" \/><input type=\"hidden\" name=\"_wpcf7_unit_tag\" value=\"wpcf7-f1865-o1\" \/><input type=\"hidden\" name=\"_wpcf7_container_post\" value=\"0\" \/><input type=\"hidden\" name=\"_wpcf7_posted_data_hash\" value=\"\" \/><input type=\"hidden\" name=\"_wpcf7_recaptcha_response\" value=\"\" \/>\n<\/fieldset>\n<p>Nous demandons aux utilisateurs de soumettre leur demande de licence t\u00f4t et avant utilisation. La proc\u00e9dure de licence prend quelques jours pour les cas simples, mais plus de temps pour une consultation avec les ayants droit \u00e0 l'\u00e9tranger. Consultez la Notice d'information Art. Le Team Art est disponible pour vous fournir une estimation des co\u00fbts d'une licence.\n<\/p>\n<h4>Type d'utilisation\n<\/h4>\n<p><span class=\"wpcf7-form-control-wrap\" data-name=\"checkbox-Zeitung\"><span class=\"wpcf7-form-control wpcf7-checkbox wpcf7special\"><span class=\"wpcf7-list-item first last\"><input type=\"checkbox\" name=\"checkbox-Zeitung[]\" value=\"\u2013 Journal, revue, brochure, catalogue, livre, livre num\u00e9rique, agenda\" \/><span class=\"wpcf7-list-item-label\">\u2013 Journal, revue, brochure, catalogue, livre, livre num\u00e9rique, agenda<\/span><\/span><\/span><\/span><span class=\"wpcf7-form-control-wrap\" data-name=\"checkbox-Prospekt\"><span class=\"wpcf7-form-control wpcf7-checkbox wpcf7special\"><span class=\"wpcf7-list-item first last\"><input type=\"checkbox\" name=\"checkbox-Prospekt[]\" value=\"\u2013Prospectus, flyer, programme\" \/><span class=\"wpcf7-list-item-label\">\u2013Prospectus, flyer, programme<\/span><\/span><\/span><\/span><span class=\"wpcf7-form-control-wrap\" data-name=\"checkbox-Kalender\"><span class=\"wpcf7-form-control wpcf7-checkbox wpcf7special\"><span class=\"wpcf7-list-item first last\"><input type=\"checkbox\" name=\"checkbox-Kalender[]\" value=\"\u2013Calendrier\" \/><span class=\"wpcf7-list-item-label\">\u2013Calendrier<\/span><\/span><\/span><\/span><span class=\"wpcf7-form-control-wrap\" data-name=\"checkbox-Einladungskarte\"><span class=\"wpcf7-form-control wpcf7-checkbox wpcf7special\"><span class=\"wpcf7-list-item first last\"><input type=\"checkbox\" name=\"checkbox-Einladungskarte[]\" value=\"\u2013Carton d&#039;invitation, carte de v\u0153ux, carte pour no\u00ebl\" \/><span class=\"wpcf7-list-item-label\">\u2013Carton d&#039;invitation, carte de v\u0153ux, carte pour no\u00ebl<\/span><\/span><\/span><\/span><span class=\"wpcf7-form-control-wrap\" data-name=\"checkbox-Postkarte\"><span class=\"wpcf7-form-control wpcf7-checkbox wpcf7special\"><span class=\"wpcf7-list-item first last\"><input type=\"checkbox\" name=\"checkbox-Postkarte[]\" value=\"\u2013Carte postale, carte d&#039;art\" \/><span class=\"wpcf7-list-item-label\">\u2013Carte postale, carte d&#039;art<\/span><\/span><\/span><\/span><span class=\"wpcf7-form-control-wrap\" data-name=\"checkbox-Poster\"><span class=\"wpcf7-form-control wpcf7-checkbox wpcf7special\"><span class=\"wpcf7-list-item first last\"><input type=\"checkbox\" name=\"checkbox-Poster[]\" value=\"\u2013Poster, support d&#039;impression analogue, affiche\" \/><span class=\"wpcf7-list-item-label\">\u2013Poster, support d&#039;impression analogue, affiche<\/span><\/span><\/span><\/span><span class=\"wpcf7-form-control-wrap\" data-name=\"checkbox-Anzeige\"><span class=\"wpcf7-form-control wpcf7-checkbox wpcf7special\"><span class=\"wpcf7-list-item first last\"><input type=\"checkbox\" name=\"checkbox-Anzeige[]\" value=\"\u2013Annonce publicitaire\" \/><span class=\"wpcf7-list-item-label\">\u2013Annonce publicitaire<\/span><\/span><\/span><\/span><span class=\"wpcf7-form-control-wrap\" data-name=\"checkbox-Merchandising\"><span class=\"wpcf7-form-control wpcf7-checkbox wpcf7special\"><span class=\"wpcf7-list-item first last\"><input type=\"checkbox\" name=\"checkbox-Merchandising[]\" value=\"\u2013Merchandising, impression sur tissu, emballage, \u00e9tiquette, article de papeterie\" \/><span class=\"wpcf7-list-item-label\">\u2013Merchandising, impression sur tissu, emballage, \u00e9tiquette, article de papeterie<\/span><\/span><\/span><\/span><span class=\"wpcf7-form-control-wrap\" data-name=\"checkbox-Bildtraeger\"><span class=\"wpcf7-form-control wpcf7-checkbox wpcf7special\"><span class=\"wpcf7-list-item first last\"><input type=\"checkbox\" name=\"checkbox-Bildtraeger[]\" value=\"\u2013Supports comme DVD, CD, vid\u00e9o, diapositive, film plastique, PowerPoint etc.\" \/><span class=\"wpcf7-list-item-label\">\u2013Supports comme DVD, CD, vid\u00e9o, diapositive, film plastique, PowerPoint etc.<\/span><\/span><\/span><\/span><span class=\"wpcf7-form-control-wrap\" data-name=\"checkbox-Film\"><span class=\"wpcf7-form-control wpcf7-checkbox wpcf7special\"><span class=\"wpcf7-list-item first last\"><input type=\"checkbox\" name=\"checkbox-Film[]\" value=\"\u2013Film\" \/><span class=\"wpcf7-list-item-label\">\u2013Film<\/span><\/span><\/span><\/span><span class=\"wpcf7-form-control-wrap\" data-name=\"checkbox-Internet\"><span class=\"wpcf7-form-control wpcf7-checkbox wpcf7special\"><span class=\"wpcf7-list-item first last\"><input type=\"checkbox\" name=\"checkbox-Internet[]\" value=\"\u2013Internet\" \/><span class=\"wpcf7-list-item-label\">\u2013Internet<\/span><\/span><\/span><\/span><span class=\"wpcf7-form-control-wrap\" data-name=\"checkbox-Anderes\"><span class=\"wpcf7-form-control wpcf7-checkbox wpcf7special\"><span class=\"wpcf7-list-item first last\"><input type=\"checkbox\" name=\"checkbox-Anderes[]\" value=\"\u2013Autre (merci de bien vouloir d\u00e9crire en bas dans la zone de texte)\" \/><span class=\"wpcf7-list-item-label\">\u2013Autre (merci de bien vouloir d\u00e9crire en bas dans la zone de texte)<\/span><\/span><\/span><\/span>\n<\/p>\n<h4>Informations sur l'utilisateur\n<\/h4>\n<p>Nom de l'utilisateur (entreprise) (*)<span class=\"wpcf7-form-control-wrap\" data-name=\"Auftraggeber\"><input size=\"40\" maxlength=\"400\" class=\"wpcf7-form-control wpcf7-text wpcf7-validates-as-required\" aria-required=\"true\" aria-invalid=\"false\" value=\"\" type=\"text\" name=\"Auftraggeber\" \/><\/span><br \/>\nAdresse(*) <span class=\"wpcf7-form-control-wrap\" data-name=\"AdresseNutzer\"><input size=\"40\" maxlength=\"400\" class=\"wpcf7-form-control wpcf7-text wpcf7-validates-as-required\" aria-required=\"true\" aria-invalid=\"false\" value=\"\" type=\"text\" name=\"AdresseNutzer\" \/><\/span><br \/>\nCode postal, lieu(*) <span class=\"wpcf7-form-control-wrap\" data-name=\"PLZOrtNutzer\"><input size=\"40\" maxlength=\"400\" class=\"wpcf7-form-control wpcf7-text wpcf7-validates-as-required\" aria-required=\"true\" aria-invalid=\"false\" value=\"\" type=\"text\" name=\"PLZOrtNutzer\" \/><\/span><br \/>\nPays<span class=\"wpcf7-form-control-wrap\" data-name=\"LandNutzer\"><input size=\"40\" maxlength=\"400\" class=\"wpcf7-form-control wpcf7-text\" aria-invalid=\"false\" value=\"\" type=\"text\" name=\"LandNutzer\" \/><\/span>\n<\/p>\n<h4>Personne responsable\n<\/h4>\n<p>Pr\u00e9nom et nom de famille(*) <span class=\"wpcf7-form-control-wrap\" data-name=\"NamePerson\"><input size=\"40\" maxlength=\"400\" class=\"wpcf7-form-control wpcf7-text wpcf7-validates-as-required\" aria-required=\"true\" aria-invalid=\"false\" value=\"\" type=\"text\" name=\"NamePerson\" \/><\/span><br \/>\nAdresse <span class=\"wpcf7-form-control-wrap\" data-name=\"AdressePerson\"><input size=\"40\" maxlength=\"400\" class=\"wpcf7-form-control wpcf7-text\" aria-invalid=\"false\" value=\"\" type=\"text\" name=\"AdressePerson\" \/><\/span><br \/>\nCode postal, lieu <span class=\"wpcf7-form-control-wrap\" data-name=\"PLZOrtPerson\"><input size=\"40\" maxlength=\"400\" class=\"wpcf7-form-control wpcf7-text\" aria-invalid=\"false\" value=\"\" type=\"text\" name=\"PLZOrtPerson\" \/><\/span><br \/>\nPays <span class=\"wpcf7-form-control-wrap\" data-name=\"LandPerson\"><input size=\"40\" maxlength=\"400\" class=\"wpcf7-form-control wpcf7-text\" aria-invalid=\"false\" value=\"\" type=\"text\" name=\"LandPerson\" \/><\/span><br \/>\nT\u00e9l\u00e9phone (*) <span class=\"wpcf7-form-control-wrap\" data-name=\"TelefonPerson\"><input size=\"40\" maxlength=\"400\" class=\"wpcf7-form-control wpcf7-text wpcf7-validates-as-required\" aria-required=\"true\" aria-invalid=\"false\" value=\"\" type=\"text\" name=\"TelefonPerson\" \/><\/span><br \/>\nE-Mail (*) <span class=\"wpcf7-form-control-wrap\" data-name=\"EMailPerson\"><input size=\"40\" maxlength=\"400\" class=\"wpcf7-form-control wpcf7-email wpcf7-validates-as-required wpcf7-text wpcf7-validates-as-email\" aria-required=\"true\" aria-invalid=\"false\" value=\"\" type=\"email\" name=\"EMailPerson\" \/><\/span>\n<\/p>\n<h4>Utilisation (Merci de nous donner autant d'information que possible)\n<\/h4>\n<p>But, occasion\/ motif <span class=\"wpcf7-form-control-wrap\" data-name=\"Zweck_Anlass\"><input size=\"40\" maxlength=\"400\" class=\"wpcf7-form-control wpcf7-text\" aria-invalid=\"false\" value=\"\" type=\"text\" name=\"Zweck_Anlass\" \/><\/span><br \/>\nDate (de mise-en-ligne) \/ dur\u00e9e <span class=\"wpcf7-form-control-wrap\" data-name=\"Aufschalt_Datum_Dauer\"><input size=\"40\" maxlength=\"400\" class=\"wpcf7-form-control wpcf7-text\" aria-invalid=\"false\" value=\"\" type=\"text\" name=\"Aufschalt_Datum_Dauer\" \/><\/span><br \/>\nTitre de la publication <span class=\"wpcf7-form-control-wrap\" data-name=\"Titel_der_Publikation\"><input size=\"40\" maxlength=\"400\" class=\"wpcf7-form-control wpcf7-text\" aria-invalid=\"false\" value=\"\" type=\"text\" name=\"Titel_der_Publikation\" \/><\/span><br \/>\n<span class=\"wpcf7-form-control-wrap\" data-name=\"checkbox-Innenteil\"><span class=\"wpcf7-form-control wpcf7-checkbox\"><span class=\"wpcf7-list-item first last\"><input type=\"checkbox\" name=\"checkbox-Innenteil[]\" value=\"A l&#039;int\u00e9rieur\" checked=\"checked\" \/><span class=\"wpcf7-list-item-label\">A l&#039;int\u00e9rieur<\/span><\/span><\/span><\/span><br \/>\n<span class=\"wpcf7-form-control-wrap\" data-name=\"checkbox-Umschlag_Einsteigsseite\"><span class=\"wpcf7-form-control wpcf7-checkbox\"><span class=\"wpcf7-list-item first last\"><input type=\"checkbox\" name=\"checkbox-Umschlag_Einsteigsseite[]\" value=\"En couverture \/ site d&#039;accueil\" \/><span class=\"wpcf7-list-item-label\">En couverture \/ site d&#039;accueil<\/span><\/span><\/span><\/span>\n<\/p>\n<p>Format \/ taille de la reproduction <span class=\"wpcf7-form-control-wrap\" data-name=\"Format_Abbildungsgroesse\"><input size=\"40\" maxlength=\"400\" class=\"wpcf7-form-control wpcf7-text\" aria-invalid=\"false\" value=\"\" type=\"text\" name=\"Format_Abbildungsgroesse\" \/><\/span><br \/>\nTirage<span class=\"wpcf7-form-control-wrap\" data-name=\"Auflagenhoehe\"><input size=\"40\" maxlength=\"400\" class=\"wpcf7-form-control wpcf7-text\" aria-invalid=\"false\" value=\"\" type=\"text\" name=\"Auflagenhoehe\" \/><\/span><br \/>\nNombre de pages <span class=\"wpcf7-form-control-wrap\" data-name=\"Anzahl_Seiten\"><input size=\"40\" maxlength=\"400\" class=\"wpcf7-form-control wpcf7-text\" aria-invalid=\"false\" value=\"\" type=\"text\" name=\"Anzahl_Seiten\" \/><\/span>\n<\/p>\n<p>Prix de vente <span class=\"wpcf7-form-control-wrap\" data-name=\"radio-Verkaufspreis\"><span class=\"wpcf7-form-control wpcf7-radio\"><span class=\"wpcf7-list-item first\"><input type=\"radio\" name=\"radio-Verkaufspreis\" value=\"En gros\" checked=\"checked\" \/><span class=\"wpcf7-list-item-label\">En gros<\/span><\/span><span class=\"wpcf7-list-item last\"><input type=\"radio\" name=\"radio-Verkaufspreis\" value=\"En d\u00e9tail\" \/><span class=\"wpcf7-list-item-label\">En d\u00e9tail<\/span><\/span><\/span><\/span>\n<\/p>\n<p>Prix en CHF\/\u20ac <span class=\"wpcf7-form-control-wrap\" data-name=\"Preis_CHF_EUR\"><input size=\"40\" maxlength=\"400\" class=\"wpcf7-form-control wpcf7-text\" aria-invalid=\"false\" value=\"\" type=\"text\" name=\"Preis_CHF_EUR\" \/><\/span><br \/>\nAire de distribution<span class=\"wpcf7-form-control-wrap\" data-name=\"Verbreitungsgebiet\"><input size=\"40\" maxlength=\"400\" class=\"wpcf7-form-control wpcf7-text\" aria-invalid=\"false\" value=\"\" type=\"text\" name=\"Verbreitungsgebiet\" \/><\/span><br \/>\nPlan m\u00e9dia incluant les tirages <span class=\"wpcf7-form-control-wrap\" data-name=\"Media_Schaltplan\"><input size=\"40\" maxlength=\"400\" class=\"wpcf7-form-control wpcf7-text\" aria-invalid=\"false\" value=\"\" type=\"text\" name=\"Media_Schaltplan\" \/><\/span><br \/>\nAdresse URL http:\/\/ <span class=\"wpcf7-form-control-wrap\" data-name=\"Url_Adresse\"><input size=\"40\" maxlength=\"400\" class=\"wpcf7-form-control wpcf7-text\" aria-invalid=\"false\" value=\"\" type=\"text\" name=\"Url_Adresse\" \/><\/span><br \/>\nR\u00e9solution DPI \/ pixel <span class=\"wpcf7-form-control-wrap\" data-name=\"Aufloesung_DPI_pixels\"><input size=\"40\" maxlength=\"400\" class=\"wpcf7-form-control wpcf7-text\" aria-invalid=\"false\" value=\"\" type=\"text\" name=\"Aufloesung_DPI_pixels\" \/><\/span><br \/>\nMise en page, si disponible (max. 3.5 mb, fichiers vid\u00e9o uniquement sous forme de fichier compress\u00e9 zip ou s\u00e9par\u00e9ment via wetransfer.com) <span class=\"wpcf7-form-control-wrap\" data-name=\"file-Layout\"><input size=\"40\" class=\"wpcf7-form-control wpcf7-file\" accept=\"audio\/*,video\/*,image\/*\" aria-invalid=\"false\" type=\"file\" name=\"file-Layout\" \/><\/span>\n<\/p>\n<table width=\"800\" border=\"0\" cellpadding=\"3\" cellspacing=\"3\">\n\t<tr valign=\"top\">\n\t\t<td>\n\t\t\t<p><strong>Nom et pr\u00e9nom de l'artiste<\/strong>\n\t\t\t<\/p>\n\t\t<\/td>\n\t\t<td>\n\t\t\t<p><b>Date de naissance\/ de d\u00e9c\u00e8s<\/b>\n\t\t\t<\/p>\n\t\t<\/td>\n\t\t<td>\n\t\t\t<p><b>Titre de l'\u0153uvre<\/b>\n\t\t\t<\/p>\n\t\t<\/td>\n\t\t<td>\n\t\t\t<p><b>Date de cr\u00e9ation<\/b>\n\t\t\t<\/p>\n\t\t<\/td>\n\t<\/tr>\n\t<tr valign=\"top\">\n\t\t<td width=300>\n\t\t\t<p><span class=\"wpcf7-form-control-wrap\" data-name=\"NameKuenstler1\"><input size=\"40\" maxlength=\"400\" class=\"wpcf7-form-control wpcf7-text\" aria-invalid=\"false\" value=\"\" type=\"text\" name=\"NameKuenstler1\" \/><\/span>\n\t\t\t<\/p>\n\t\t<\/td>\n\t\t<td width=30>\n\t\t\t<p><span class=\"wpcf7-form-control-wrap\" data-name=\"Geburtsjahr_todesjahr1\"><input size=\"40\" maxlength=\"400\" class=\"wpcf7-form-control wpcf7-text\" aria-invalid=\"false\" value=\"\" type=\"text\" name=\"Geburtsjahr_todesjahr1\" \/><\/span>\n\t\t\t<\/p>\n\t\t<\/td>\n\t\t<td width=150>\n\t\t\t<p><span class=\"wpcf7-form-control-wrap\" data-name=\"Werktitel1\"><input size=\"40\" maxlength=\"400\" class=\"wpcf7-form-control wpcf7-text\" aria-invalid=\"false\" value=\"\" type=\"text\" name=\"Werktitel1\" \/><\/span>\n\t\t\t<\/p>\n\t\t<\/td>\n\t\t<td width=30>\n\t\t\t<p><span class=\"wpcf7-form-control-wrap\" data-name=\"Entstehungsjahr1\"><input size=\"40\" maxlength=\"400\" class=\"wpcf7-form-control wpcf7-text\" aria-invalid=\"false\" value=\"\" type=\"text\" name=\"Entstehungsjahr1\" \/><\/span>\n\t\t\t<\/p>\n\t\t<\/td>\n\t<\/tr>\n\t<tr valign=\"top\">\n\t\t<td >\n\t\t\t<p><span class=\"wpcf7-form-control-wrap\" data-name=\"NameKuenstler2\"><input size=\"40\" maxlength=\"400\" class=\"wpcf7-form-control wpcf7-text\" aria-invalid=\"false\" value=\"\" type=\"text\" name=\"NameKuenstler2\" \/><\/span>\n\t\t\t<\/p>\n\t\t<\/td>\n\t\t<td >\n\t\t\t<p><span class=\"wpcf7-form-control-wrap\" data-name=\"Geburtsjahr_todesjahr2\"><input size=\"40\" maxlength=\"400\" class=\"wpcf7-form-control wpcf7-text\" aria-invalid=\"false\" value=\"\" type=\"text\" name=\"Geburtsjahr_todesjahr2\" \/><\/span>\n\t\t\t<\/p>\n\t\t<\/td>\n\t\t<td >\n\t\t\t<p><span class=\"wpcf7-form-control-wrap\" data-name=\"Werktitel2\"><input size=\"40\" maxlength=\"400\" class=\"wpcf7-form-control wpcf7-text\" aria-invalid=\"false\" value=\"\" type=\"text\" name=\"Werktitel2\" \/><\/span>\n\t\t\t<\/p>\n\t\t<\/td>\n\t\t<td >\n\t\t\t<p><span class=\"wpcf7-form-control-wrap\" data-name=\"Entstehungsjahr2\"><input size=\"40\" maxlength=\"400\" class=\"wpcf7-form-control wpcf7-text\" aria-invalid=\"false\" value=\"\" type=\"text\" name=\"Entstehungsjahr2\" \/><\/span>\n\t\t\t<\/p>\n\t\t<\/td>\n\t<\/tr>\n\t<tr valign=\"top\">\n\t\t<td >\n\t\t\t<p><span class=\"wpcf7-form-control-wrap\" data-name=\"NameKuenstler3\"><input size=\"40\" maxlength=\"400\" class=\"wpcf7-form-control wpcf7-text\" aria-invalid=\"false\" value=\"\" type=\"text\" name=\"NameKuenstler3\" \/><\/span>\n\t\t\t<\/p>\n\t\t<\/td>\n\t\t<td >\n\t\t\t<p><span class=\"wpcf7-form-control-wrap\" data-name=\"Geburtsjahr_todesjahr3\"><input size=\"40\" maxlength=\"400\" class=\"wpcf7-form-control wpcf7-text\" aria-invalid=\"false\" value=\"\" type=\"text\" name=\"Geburtsjahr_todesjahr3\" \/><\/span>\n\t\t\t<\/p>\n\t\t<\/td>\n\t\t<td >\n\t\t\t<p><span class=\"wpcf7-form-control-wrap\" data-name=\"Werktitel3\"><input size=\"40\" maxlength=\"400\" class=\"wpcf7-form-control wpcf7-text\" aria-invalid=\"false\" value=\"\" type=\"text\" name=\"Werktitel3\" \/><\/span>\n\t\t\t<\/p>\n\t\t<\/td>\n\t\t<td >\n\t\t\t<p><span class=\"wpcf7-form-control-wrap\" data-name=\"Entstehungsjahr3\"><input size=\"40\" maxlength=\"400\" class=\"wpcf7-form-control wpcf7-text\" aria-invalid=\"false\" value=\"\" type=\"text\" name=\"Entstehungsjahr3\" \/><\/span>\n\t\t\t<\/p>\n\t\t<\/td>\n\t<\/tr>\n\t<tr valign=\"top\">\n\t\t<td >\n\t\t\t<p><span class=\"wpcf7-form-control-wrap\" data-name=\"NameKuenstler4\"><input size=\"40\" maxlength=\"400\" class=\"wpcf7-form-control wpcf7-text\" aria-invalid=\"false\" value=\"\" type=\"text\" name=\"NameKuenstler4\" \/><\/span>\n\t\t\t<\/p>\n\t\t<\/td>\n\t\t<td >\n\t\t\t<p><span class=\"wpcf7-form-control-wrap\" data-name=\"Geburtsjahr_todesjahr4\"><input size=\"40\" maxlength=\"400\" class=\"wpcf7-form-control wpcf7-text\" aria-invalid=\"false\" value=\"\" type=\"text\" name=\"Geburtsjahr_todesjahr4\" \/><\/span>\n\t\t\t<\/p>\n\t\t<\/td>\n\t\t<td >\n\t\t\t<p><span class=\"wpcf7-form-control-wrap\" data-name=\"Werktitel4\"><input size=\"40\" maxlength=\"400\" class=\"wpcf7-form-control wpcf7-text\" aria-invalid=\"false\" value=\"\" type=\"text\" name=\"Werktitel4\" \/><\/span>\n\t\t\t<\/p>\n\t\t<\/td>\n\t\t<td >\n\t\t\t<p><span class=\"wpcf7-form-control-wrap\" data-name=\"Entstehungsjahr4\"><input size=\"40\" maxlength=\"400\" class=\"wpcf7-form-control wpcf7-text\" aria-invalid=\"false\" value=\"\" type=\"text\" name=\"Entstehungsjahr4\" \/><\/span>\n\t\t\t<\/p>\n\t\t<\/td>\n\t<\/tr>\n<\/table>\n<p>Vous pouvez nous envoyer la liste compl\u00e8te des \u0153uvres \u00e9galement par e-mail (max. 3.5mb)<br \/>\n<span class=\"wpcf7-form-control-wrap\" data-name=\"file-kompletteListe\"><input size=\"40\" class=\"wpcf7-form-control wpcf7-file\" accept=\".doc,.docx,.xls,.xlsx,.txt,.pdf,.zip\" aria-invalid=\"false\" type=\"file\" name=\"file-kompletteListe\" \/><\/span>\n<\/p>\n<p>Commentaires \/ zone de texte<br \/>\n<span class=\"wpcf7-form-control-wrap\" data-name=\"Bemerkungen\"><textarea cols=\"40\" rows=\"10\" maxlength=\"2000\" class=\"wpcf7-form-control wpcf7-textarea\" aria-invalid=\"false\" name=\"Bemerkungen\"><\/textarea><\/span>\n<\/p>\n<p>* = Obligatoire\n<\/p>\n<p>La d\u00e9claration de confidentialit\u00e9 de ProLitteris s'applique, www.prolitteris.ch\/privacy.\n<\/p>\n<p><input class=\"wpcf7-form-control wpcf7-submit has-spinner\" type=\"submit\" value=\"Envoyer\" \/>\n<\/p><div class=\"wpcf7-response-output\" aria-hidden=\"true\"><\/div>\n<\/form>\n<\/div>\n\n","protected":false},"excerpt":{"rendered":"","protected":false},"author":4,"featured_media":0,"parent":0,"menu_order":0,"comment_status":"closed","ping_status":"closed","template":"","meta":{"_acf_changed":false,"_relevanssi_hide_post":"","_relevanssi_hide_content":"","_relevanssi_pin_for_all":"","_relevanssi_pin_keywords":"","_relevanssi_unpin_keywords":"","_relevanssi_related_keywords":"","_relevanssi_related_include_ids":"","_relevanssi_related_exclude_ids":"","_relevanssi_related_no_append":"","_relevanssi_related_not_related":"","_relevanssi_related_posts":"","_relevanssi_noindex_reason":"","footnotes":""},"class_list":["post-6523","page","type-page","status-publish","hentry"],"acf":[],"_links":{"self":[{"href":"https:\/\/prolitteris.ch\/fr\/wp-json\/wp\/v2\/pages\/6523","targetHints":{"allow":["GET"]}}],"collection":[{"href":"https:\/\/prolitteris.ch\/fr\/wp-json\/wp\/v2\/pages"}],"about":[{"href":"https:\/\/prolitteris.ch\/fr\/wp-json\/wp\/v2\/types\/page"}],"author":[{"embeddable":true,"href":"https:\/\/prolitteris.ch\/fr\/wp-json\/wp\/v2\/users\/4"}],"replies":[{"embeddable":true,"href":"https:\/\/prolitteris.ch\/fr\/wp-json\/wp\/v2\/comments?post=6523"}],"version-history":[{"count":0,"href":"https:\/\/prolitteris.ch\/fr\/wp-json\/wp\/v2\/pages\/6523\/revisions"}],"wp:attachment":[{"href":"https:\/\/prolitteris.ch\/fr\/wp-json\/wp\/v2\/media?parent=6523"}],"curies":[{"name":"wp","href":"https:\/\/api.w.org\/{rel}","templated":true}]}}