{"id":2198,"date":"2015-12-09T14:42:30","date_gmt":"2015-12-09T13:42:30","guid":{"rendered":"https:\/\/prolitteris.ch\/fr\/?page_id=2198"},"modified":"2025-07-21T17:12:52","modified_gmt":"2025-07-21T15:12:52","slug":"organizzazione","status":"publish","type":"page","link":"https:\/\/prolitteris.ch\/it\/a-proposito-di-prolitteris\/organizzazione\/","title":{"rendered":"Organizzazione"},"content":{"rendered":"\n<p>L\u2019attivit\u00e0 operativa di ProLitteris \u00e8 curata da:<\/p>\n\n\n\n<ul class=\"wp-block-list\">\n<li>Support &#8211; servizio clienti centralizzato:risponsabile Antonietta Del Re<\/li>\n\n\n\n<li>Collect &#8211; recupero di crediti in base alle Tariffe comuni: risponsabile Isabelle Hess<\/li>\n\n\n\n<li>Works &#8211; ripartizione principale (ripartizione Print, ripartizione Online, ripartizione Broadcast):risponsabile Antonietta Del Re<\/li>\n\n\n\n<li>Audio &#8211; programmi con testo: responsabile Antonietta Del Re<\/li>\n\n\n\n<li>Social &#8211; Fondazione sociale: risponsabile Christophe Biber, amministrazione Fabienne Hubler<\/li>\n\n\n\n<li>Culture &#8211; Fondo culturale: risponsabile Christophe Biber<\/li>\n\n\n\n<li>Art &#8211; emissione di licenze, riscossione e ripartizione per le riproduzioni di opere d&#8217;arte: risponsabile Philip K\u00fcbler<\/li>\n<\/ul>\n\n\n\n<p><\/p>\n\n\n\n<ul class=\"wp-block-list\">\n<li>Questi team si avvalgono del sostegno dei Team Legal (risponsabile: Philip K\u00fcbler), Finance (risponsabile: Christophe Biber) e IT (risponsabile: David Rupper).<br><\/li>\n<\/ul>\n\n\n\n<p>Il consiglio di amministrazione di ProLitteris vigila sull\u2019operato della direzione, determina la strategia e rappresenta i soci di ProLitteris. Il consiglio di amministrazione \u00e8 composto da:<\/p>\n\n\n\n<ul class=\"wp-block-list\">\n<li>Stefan Keller, presidente: giornalismo e scienza<\/li>\n\n\n\n<li>Alexandra Maurer, vicepresidente: arte visiva e fotografia<\/li>\n\n\n\n<li>Thomas Kramer, vicepresidente: editori di libri e di arte<\/li>\n\n\n\n<li>Claude Darbellay: letteratura<\/li>\n\n\n\n<li>Regine Helbling: arte visiva e fotografia<\/li>\n\n\n\n<li>Daniel Hammer: editori di giornali e periodici<\/li>\n\n\n\n<li>P\u00e9n\u00e9lope Henriod: arte visiva e fotografia<\/li>\n\n\n\n<li>Peter Haag: editori di letteratura<\/li>\n\n\n\n<li>Cornelia Mechler: autori<\/li>\n\n\n\n<li>Fabio Casagrande: editori di libri e di arte<\/li>\n\n\n\n<li>Lisa Christ: autori di opere drammatiche<\/li>\n\n\n\n<li>Livia Lehner: giornalismo<\/li>\n<\/ul>\n\n\n\n<p>Philip K\u00fcbler \u00e8 responsabile della direzione (direttore\/CEO). Gli altri membri della direzione sono Christophe Biber (CFO) e David Rupper (IT). La direzione \u00e8 responsabile dell\u2019attivit\u00e0 operativa di ProLitteris, elabora la strategia assieme al consiglio di amministrazione e prepara le regole dell&#8217;attivit\u00e0 di ProLitteris.<\/p>\n","protected":false},"excerpt":{"rendered":"<p>L\u2019attivit\u00e0 operativa di ProLitteris \u00e8 curata da: Il consiglio di amministrazione di ProLitteris vigila sull\u2019operato della direzione, determina la strategia e rappresenta i soci di ProLitteris. Il consiglio di amministrazione \u00e8 composto da: Philip K\u00fcbler \u00e8 responsabile della direzione (direttore\/CEO). Gli altri membri della direzione sono Christophe Biber (CFO) e David Rupper (IT). La direzione<\/p>\n","protected":false},"author":3,"featured_media":0,"parent":7054,"menu_order":0,"comment_status":"closed","ping_status":"open","template":"pages\/template-management.php","meta":{"_acf_changed":false,"_relevanssi_hide_post":"","_relevanssi_hide_content":"","_relevanssi_pin_for_all":"","_relevanssi_pin_keywords":"","_relevanssi_unpin_keywords":"","_relevanssi_related_keywords":"","_relevanssi_related_include_ids":"","_relevanssi_related_exclude_ids":"","_relevanssi_related_no_append":"","_relevanssi_related_not_related":"","_relevanssi_related_posts":"25790,19566,19344,20964,5814,18711","_relevanssi_noindex_reason":"","footnotes":""},"class_list":["post-2198","page","type-page","status-publish","hentry"],"acf":[],"_links":{"self":[{"href":"https:\/\/prolitteris.ch\/it\/wp-json\/wp\/v2\/pages\/2198","targetHints":{"allow":["GET"]}}],"collection":[{"href":"https:\/\/prolitteris.ch\/it\/wp-json\/wp\/v2\/pages"}],"about":[{"href":"https:\/\/prolitteris.ch\/it\/wp-json\/wp\/v2\/types\/page"}],"author":[{"embeddable":true,"href":"https:\/\/prolitteris.ch\/it\/wp-json\/wp\/v2\/users\/3"}],"replies":[{"embeddable":true,"href":"https:\/\/prolitteris.ch\/it\/wp-json\/wp\/v2\/comments?post=2198"}],"version-history":[{"count":0,"href":"https:\/\/prolitteris.ch\/it\/wp-json\/wp\/v2\/pages\/2198\/revisions"}],"up":[{"embeddable":true,"href":"https:\/\/prolitteris.ch\/it\/wp-json\/wp\/v2\/pages\/7054"}],"wp:attachment":[{"href":"https:\/\/prolitteris.ch\/it\/wp-json\/wp\/v2\/media?parent=2198"}],"curies":[{"name":"wp","href":"https:\/\/api.w.org\/{rel}","templated":true}]}}