{"id":3426,"date":"2017-03-13T11:03:44","date_gmt":"2017-03-13T10:03:44","guid":{"rendered":"https:\/\/prolitteris.ch\/it\/?page_id=3426"},"modified":"2026-05-05T10:17:00","modified_gmt":"2026-05-05T08:17:00","slug":"assemblea-generale","status":"publish","type":"page","link":"https:\/\/prolitteris.ch\/it\/autori-editori\/assemblea-generale\/","title":{"rendered":"Assemblea generale"},"content":{"rendered":"<p>ProLitteris \u00e8 una societ\u00e0 cooperativa con circa 15 000 soci. La qualit\u00e0 di socio d\u00e0 diritto alla partecipazione all\u2019assemblea generale annuale. All\u2019assemblea generale competono in particolare l\u2019elezione del consiglio di amministrazione, l\u2019approvazione del conto annuale e lo statuto.<\/p>\n<p class=\"x_MsoNormal\"><span lang=\"IT\" data-olk-copy-source=\"MessageBody\">L&#8217;Assemblea generale si terr\u00e0 sabato 27 giugno 2026 alle ore 13.30 a San Gallo.\u00a0<\/span><span lang=\"IT\">La cerimonia di consegna del premio ProLitteris \u00e8 prevista per le ore 15.00. A seguire, tutti i partecipanti sono invitati a un pasto in comune.<\/span><\/p>\n<p class=\"x_MsoNormal\"><span lang=\"IT\">L&#8217;ordine del giorno definitivo sar\u00e0 pubblicato sul sito web alla voce \u00abInfo sull&#8217;Assemblea generale\u00bb nell&#8217;ultima settimana di maggio.<\/span><\/p>\n\n\n<p><\/p>\n","protected":false},"excerpt":{"rendered":"<p>ProLitteris \u00e8 una societ\u00e0 cooperativa con circa 15 000 soci. La qualit\u00e0 di socio d\u00e0 diritto alla partecipazione all\u2019assemblea generale annuale. All\u2019assemblea generale competono in particolare l\u2019elezione del consiglio di amministrazione, l\u2019approvazione del conto annuale e lo statuto. L&#8217;Assemblea generale si terr\u00e0 sabato 27 giugno 2026 alle ore 13.30 a San Gallo.\u00a0La cerimonia di consegna<\/p>\n","protected":false},"author":3,"featured_media":0,"parent":330,"menu_order":0,"comment_status":"closed","ping_status":"closed","template":"","meta":{"_acf_changed":false,"_relevanssi_hide_post":"","_relevanssi_hide_content":"","_relevanssi_pin_for_all":"","_relevanssi_pin_keywords":"","_relevanssi_unpin_keywords":"","_relevanssi_related_keywords":"","_relevanssi_related_include_ids":"","_relevanssi_related_exclude_ids":"","_relevanssi_related_no_append":"","_relevanssi_related_not_related":"","_relevanssi_related_posts":"5943,19344,5814,20180,18711,19838","_relevanssi_noindex_reason":"","footnotes":""},"class_list":["post-3426","page","type-page","status-publish","hentry"],"acf":[],"_links":{"self":[{"href":"https:\/\/prolitteris.ch\/it\/wp-json\/wp\/v2\/pages\/3426","targetHints":{"allow":["GET"]}}],"collection":[{"href":"https:\/\/prolitteris.ch\/it\/wp-json\/wp\/v2\/pages"}],"about":[{"href":"https:\/\/prolitteris.ch\/it\/wp-json\/wp\/v2\/types\/page"}],"author":[{"embeddable":true,"href":"https:\/\/prolitteris.ch\/it\/wp-json\/wp\/v2\/users\/3"}],"replies":[{"embeddable":true,"href":"https:\/\/prolitteris.ch\/it\/wp-json\/wp\/v2\/comments?post=3426"}],"version-history":[{"count":4,"href":"https:\/\/prolitteris.ch\/it\/wp-json\/wp\/v2\/pages\/3426\/revisions"}],"predecessor-version":[{"id":26799,"href":"https:\/\/prolitteris.ch\/it\/wp-json\/wp\/v2\/pages\/3426\/revisions\/26799"}],"up":[{"embeddable":true,"href":"https:\/\/prolitteris.ch\/it\/wp-json\/wp\/v2\/pages\/330"}],"wp:attachment":[{"href":"https:\/\/prolitteris.ch\/it\/wp-json\/wp\/v2\/media?parent=3426"}],"curies":[{"name":"wp","href":"https:\/\/api.w.org\/{rel}","templated":true}]}}