{"id":402,"date":"2015-08-18T12:44:13","date_gmt":"2015-08-18T12:44:13","guid":{"rendered":"https:\/\/prolitteris.ch\/wordpress\/fur-nutzer\/abrechnungen-und-rechnungsstellung\/?lang=it"},"modified":"2021-04-09T17:01:02","modified_gmt":"2021-04-09T15:01:02","slug":"opere-orfane-tc-13","status":"publish","type":"page","link":"https:\/\/prolitteris.ch\/it\/utilizzatori-tariffe\/opere-orfane-tc-13\/","title":{"rendered":"Opere orfane (TC 13)"},"content":{"rendered":"<p>Vuole utilizzare un\u2019opera, ma l&#8217;avente diritto non \u00e8 noto o non \u00e8 reperibile? Le opere orfane possono essere utilizzate senza l\u2019autorizzazione da parte dell\u2019avente diritto, se nei confronti di ProLitteris si conferma, con l&#8217;apposito formulario, di aver cercato in diverse banche dati e di non essere riusciti a reperire l\u2019avente diritto. L\u2019esemplare di opera che si desidera utilizzare deve provenire da un\u2019istituzione svizzera della memoria (biblioteca, istituzione di formazione, museo, collezione, archivio di un organismo di diffusione). L\u2019utilizzazione di opere orfane \u00e8 soggetta al pagamento di un compenso, che pu\u00f2 essere saldato attraverso ProLitteris. L&#8217;utilizzo di opere orfane \u00e8 regolato dalla tariffa comune 13 (TC 13).<\/p>\n<p>Effettuare la ricerca utilizzando la checklist e compilare il modulo di registrazione. Quindi inviare il modulo di registrazione a <a href=\"mailto:gt13@prolitteris.ch\">gt13@prolitteris.ch<\/a>. Possono essere necessari fino a 30 giorni prima di ricevere la fattura e quindi la licenza. La tassa di sollecito per i pagamenti in ritardo \u00e8 di 100 CHF.<\/p>\n","protected":false},"excerpt":{"rendered":"<p>Vuole utilizzare un\u2019opera, ma l&#8217;avente diritto non \u00e8 noto o non \u00e8 reperibile? Le opere orfane possono essere utilizzate senza l\u2019autorizzazione da parte dell\u2019avente diritto, se nei confronti di ProLitteris si conferma, con l&#8217;apposito formulario, di aver cercato in diverse banche dati e di non essere riusciti a reperire l\u2019avente diritto. L\u2019esemplare di opera che<\/p>\n","protected":false},"author":1,"featured_media":0,"parent":395,"menu_order":0,"comment_status":"closed","ping_status":"open","template":"","meta":{"_acf_changed":false,"_relevanssi_hide_post":"","_relevanssi_hide_content":"","_relevanssi_pin_for_all":"","_relevanssi_pin_keywords":"","_relevanssi_unpin_keywords":"","_relevanssi_related_keywords":"","_relevanssi_related_include_ids":"","_relevanssi_related_exclude_ids":"","_relevanssi_related_no_append":"","_relevanssi_related_not_related":"","_relevanssi_related_posts":"6991,7465,5814,5943","_relevanssi_noindex_reason":"","footnotes":""},"class_list":["post-402","page","type-page","status-publish","hentry"],"acf":[],"_links":{"self":[{"href":"https:\/\/prolitteris.ch\/it\/wp-json\/wp\/v2\/pages\/402","targetHints":{"allow":["GET"]}}],"collection":[{"href":"https:\/\/prolitteris.ch\/it\/wp-json\/wp\/v2\/pages"}],"about":[{"href":"https:\/\/prolitteris.ch\/it\/wp-json\/wp\/v2\/types\/page"}],"author":[{"embeddable":true,"href":"https:\/\/prolitteris.ch\/it\/wp-json\/wp\/v2\/users\/1"}],"replies":[{"embeddable":true,"href":"https:\/\/prolitteris.ch\/it\/wp-json\/wp\/v2\/comments?post=402"}],"version-history":[{"count":0,"href":"https:\/\/prolitteris.ch\/it\/wp-json\/wp\/v2\/pages\/402\/revisions"}],"up":[{"embeddable":true,"href":"https:\/\/prolitteris.ch\/it\/wp-json\/wp\/v2\/pages\/395"}],"wp:attachment":[{"href":"https:\/\/prolitteris.ch\/it\/wp-json\/wp\/v2\/media?parent=402"}],"curies":[{"name":"wp","href":"https:\/\/api.w.org\/{rel}","templated":true}]}}