{"id":408,"date":"2015-08-18T12:43:13","date_gmt":"2015-08-18T12:43:13","guid":{"rendered":"https:\/\/prolitteris.ch\/wordpress\/fur-nutzer\/entschodigungspflicht-und-ausnahmen\/?lang=it"},"modified":"2025-07-09T14:09:39","modified_gmt":"2025-07-09T12:09:39","slug":"licenze-collettive-estese","status":"publish","type":"page","link":"https:\/\/prolitteris.ch\/it\/utilizzatori-tariffe\/licenze-collettive-estese\/","title":{"rendered":"Licenze collettive estese"},"content":{"rendered":"<p>Le licenze collettive estese possono essere utili se si vuole utilizzare un gran numero di opere, e i diritti non possono essere chiariti. Ci\u00f2 avviene se lo sforzo di chiarire tutti i diritti in questione sarebbe sproporzionato. Ad esempio perch\u00e9 molti aventi diritto non si trovano o sono sconosciuti.<\/p>\n<p>Le licenze collettive estese coprono anche gli aventi diritto su testi e immagini che non sono contrattualmente associati a ProLitteris. Tuttavia, gli aventi diritti possono essere esclusi dalla licenza su richiesta. Le licenze collettive estese sono responsabilit\u00e0 di ogni societ\u00e0 di gestione collettiva nel suo campo di attivit\u00e0. La licenza \u00e8 valida solo per il territorio della Svizzera.<\/p>\n<p>Annuncio di licenze collettive estese:<br \/><a href=\"https:\/\/prolitteris.ch\/wp_update2020\/wp-content\/uploads\/announcement_extended_collective_license_prolitteris_plazi_2020_opt-out_form.pdf\">2020: Plazi (plazi.org)<\/a><br \/><a href=\"https:\/\/prolitteris.ch\/wp_update2020\/wp-content\/uploads\/announcement_extended_collective_license_prolitteris_Plazi_2023_opt-out_form.pdf\">2023: estensione Plazi (plazi.org)<\/a><br \/><a href=\"https:\/\/prolitteris.ch\/wp_update2020\/wp-content\/uploads\/bekanntgabe_erweiterte-_kollektivlizenz_prolitteris_verein_hommage_2021.pdf\">2021: Hommage 2021 (hommage2021.ch)<\/a><br \/><a href=\"https:\/\/prolitteris.ch\/wp_update2020\/wp-content\/uploads\/bekanntgabe_erweiterte-_kollektivlizenz_prolitteris_verein_hommage_2022.pdf\">2022: estensione Hommage 2021 (hommage2021.ch)<\/a><br \/><a href=\"https:\/\/prolitteris.ch\/wp_update2020\/wp-content\/uploads\/bekanntgabe_erweiterte_kollektivlizenz_prolitteris_stiftung_pestalozzianum_und_opt-out-formular_2022.pdf\">2022: Stiftung Pestalozzianum (pestalozzianum.ch)<\/a><br \/><a href=\"https:\/\/prolitteris.ch\/wp_update2020\/wp-content\/uploads\/bekanntgabe_erweiterte-_kollektivlizenz_prolitteris_SRG_und_opt-out-formular_2022.pdf\">2022: Schweizerische Radio- und Fernsehgesellschaft (www.srgssr.ch)<\/a><br \/><a href=\"https:\/\/prolitteris.ch\/wp_update2020\/wp-content\/uploads\/announcement_extended_collective_license_prolitteris_SRG_2025_opt-out_form.pdf\">2024\u00a0: extensione Schweizerische Radio- und Fernsehgesellschaft (www.srgssr.ch) <\/a><br \/><a href=\"https:\/\/prolitteris.ch\/wp_update2020\/wp-content\/uploads\/bekanntgabe_erweiterte_kollektivlizenz_prolitteris_unil_und_opt-out-formular_2022.pdf.pdf\" target=\"_blank\" rel=\"nofollow noopener\">2022: Universit\u00e0 di Losanna (catima.unil.ch\/fs-ds)<\/a><br \/><a href=\"https:\/\/prolitteris.ch\/wp_update2020\/wp-content\/uploads\/bekanntgabe_erweiterte-_kollektivlizenz_prolitteris_gosteli_stiftung_2023.pdf\">2023: Gosteli-Stiftung<\/a><br \/><a href=\"https:\/\/prolitteris.ch\/wp_update2020\/wp-content\/uploads\/ecl_memoriav_memobase_2023-10-13_publication.pdf\">2023: Memoriav, Memobase<\/a><br \/><a href=\"https:\/\/prolitteris.ch\/wp_update2020\/wp-content\/uploads\/bekanntgabe_erweiterte-_kollektivlizenz_prolitteris_correspondances_2024.pdf\">2024: Correspondances (www.correspondances.ch)<\/a><br \/><a href=\"https:\/\/prolitteris.ch\/wp_update2020\/wp-content\/uploads\/ecl_schweizerisches_sozialarchiv_2024-09-25_publication.pdf\">2024: Schweizerisches Sozialarchiv<br \/><\/a><a href=\"https:\/\/prolitteris.ch\/wp_update2020\/wp-content\/uploads\/ProLitteris_ECL_fr_Musee_Historique_Lausanne_projet-contrat.pdf\" target=\"_blank\" rel=\"noreferrer noopener\" data-type=\"link\" data-id=\"https:\/\/prolitteris.ch\/wp_update2020\/wp-content\/uploads\/ProLitteris_ECL_fr_Musee_Historique_Lausanne_projet-contrat.pdf\">2025: Mus\u00e9e Historique Lausanne<\/a><br \/><br \/><\/p>\n\n\n<p><\/p>\n","protected":false},"excerpt":{"rendered":"<p>Le licenze collettive estese possono essere utili se si vuole utilizzare un gran numero di opere, e i diritti non possono essere chiariti. Ci\u00f2 avviene se lo sforzo di chiarire tutti i diritti in questione sarebbe sproporzionato. Ad esempio perch\u00e9 molti aventi diritto non si trovano o sono sconosciuti. Le licenze collettive estese coprono anche<\/p>\n","protected":false},"author":1,"featured_media":0,"parent":395,"menu_order":0,"comment_status":"closed","ping_status":"open","template":"","meta":{"_acf_changed":false,"_relevanssi_hide_post":"","_relevanssi_hide_content":"","_relevanssi_pin_for_all":"","_relevanssi_pin_keywords":"","_relevanssi_unpin_keywords":"","_relevanssi_related_keywords":"","_relevanssi_related_include_ids":"","_relevanssi_related_exclude_ids":"","_relevanssi_related_no_append":"","_relevanssi_related_not_related":"","_relevanssi_related_posts":"20540,21570,20419,18767,7465,6991","_relevanssi_noindex_reason":"","footnotes":""},"class_list":["post-408","page","type-page","status-publish","hentry"],"acf":[],"_links":{"self":[{"href":"https:\/\/prolitteris.ch\/it\/wp-json\/wp\/v2\/pages\/408","targetHints":{"allow":["GET"]}}],"collection":[{"href":"https:\/\/prolitteris.ch\/it\/wp-json\/wp\/v2\/pages"}],"about":[{"href":"https:\/\/prolitteris.ch\/it\/wp-json\/wp\/v2\/types\/page"}],"author":[{"embeddable":true,"href":"https:\/\/prolitteris.ch\/it\/wp-json\/wp\/v2\/users\/1"}],"replies":[{"embeddable":true,"href":"https:\/\/prolitteris.ch\/it\/wp-json\/wp\/v2\/comments?post=408"}],"version-history":[{"count":0,"href":"https:\/\/prolitteris.ch\/it\/wp-json\/wp\/v2\/pages\/408\/revisions"}],"up":[{"embeddable":true,"href":"https:\/\/prolitteris.ch\/it\/wp-json\/wp\/v2\/pages\/395"}],"wp:attachment":[{"href":"https:\/\/prolitteris.ch\/it\/wp-json\/wp\/v2\/media?parent=408"}],"curies":[{"name":"wp","href":"https:\/\/api.w.org\/{rel}","templated":true}]}}